{"id":7502,"date":"2019-07-02T11:35:07","date_gmt":"2019-07-02T09:35:07","guid":{"rendered":"https:\/\/dev2.mgvpublications.com\/produkt\/bir-oemuer-nasil-yasanir-hayatta-dogru-secimler-icin-oeneriler\/"},"modified":"2022-04-08T06:21:32","modified_gmt":"2022-04-08T04:21:32","slug":"bir-oemuer-nasil-yasanir-hayatta-dogru-secimler-icin-oeneriler","status":"publish","type":"product","link":"https:\/\/mgvpublications.com\/de\/bir-oemuer-nasil-yasanir-hayatta-dogru-secimler-icin-oeneriler\/","title":{"rendered":"Bir \u00d6m\u00fcr Nas\u0131l Ya\u015fan\u0131r? Hayatta Do\u011fru Se\u00e7imler \u0130\u00e7in \u00d6neriler"},"content":{"rendered":"<p>Yay\u0131n Tarihi: 12.10.2021<br \/>ISBN: 9789752430990<br \/>Dil: T\u00dcRK\u00c7E<br \/>Sayfa Say\u0131s\u0131: 288<br \/>Cilt Tipi: Karton Kapak<br \/>Ka\u011f\u0131t Cinsi: Kitap Ka\u011f\u0131d\u0131<br \/>Boyut: 13.5 x 21 cm<\/p>","protected":false},"excerpt":{"rendered":"<p>DAHA ANLAMLI YA\u015eAMAK \u0130\u00c7\u0130N \u0130LBER ORTAYLI\u2019DAN TAVS\u0130YELER\u2026 \u201cCesur olun. Kendinizi rahat hissetti\u011finiz alan\u0131n d\u0131\u015f\u0131nda pencereler a\u00e7\u0131n. Farkl\u0131 d\u00fcnyalarla ancak b\u00f6yle tan\u0131\u015f\u0131rs\u0131n\u0131z. Ben hep yerimde dursayd\u0131m, d\u00fcnyam\u0131 de\u011fi\u015ftirecek insanlar\u0131 aramasayd\u0131m, bug\u00fcn tan\u0131d\u0131\u011f\u0131n\u0131z ben olmazd\u0131m. Bir insan\u0131n bitti\u011fi an, miskinli\u011fe esir oldu\u011fu and\u0131r. \u0130nsan, konforundan vazge\u00e7meyi g\u00f6ze almal\u0131d\u0131r. Kendi d\u00fcnyas\u0131n\u0131 yerinden kendisi oynatmal\u0131d\u0131r.\u201d \u0130lber Ortayl\u0131 \u0130lber Ortayl\u0131, yediden yetmi\u015fe herkesin faydalanaca\u011f\u0131, bilge \u015fahsiyetinden ve ya\u015fam tecr\u00fcbesinden s\u00fcz\u00fclen tavsiyelerden olu\u015fan bir eserle kar\u015f\u0131m\u0131zda. \u0130lber Hoca bu kitapta, bir insan\u0131n, \u00e7ocukluktan itibaren hayat\u0131n hemen her alan\u0131nda ihtiya\u00e7 duyaca\u011f\u0131 \u00e7\u00f6z\u00fcmleri nas\u0131l bulabilece\u011fini \u00f6rnekler vererek anlat\u0131yor. \u201cHerkes kendi talihinin mimar\u0131d\u0131r\u201d s\u00f6z\u00fcn\u00fc hat\u0131rlatarak, kendi yolunu \u00e7izmenin ne anlama geldi\u011fini t\u00fcm kritik noktalar\u0131yla yorumluyor. &#8211; Bir \u00f6mr\u00fc hakk\u0131yla ya\u015fayabilmek ve ya\u015fanan her andan tat alabilmek i\u00e7in \u00f6nce ne laz\u0131md\u0131r? &#8211; \u0130nsan hayat\u0131 ka\u00e7 d\u00f6nemden olu\u015fur ve her bir d\u00f6nemde neleri tecr\u00fcbe etmek gerekir? 15, 25, 40 ve 55 ya\u015flar\u0131 neden birer e\u015fiktir? &#8211; \u0130nsan kimden, ne \u00f6\u011frenebilir? Kendi kendini yeti\u015ftirmek nas\u0131l m\u00fcmk\u00fcn olur? &#8211; Ki\u015fi mesle\u011fini neye g\u00f6re se\u00e7melidir? &#8211; Bir i\u015fin uzman\u0131 olmak ve o uzmanl\u0131k bilgisiyle \u00e7al\u0131\u015fmak i\u00e7in nelere ihtiya\u00e7 vard\u0131r? &#8211; Bir dil, en iyi nas\u0131l ve ne zaman \u00f6\u011frenilir? &#8211; En verimli sonucu alabilmek i\u00e7in nas\u0131l \u00e7al\u0131\u015fmak gerekir? &#8211; Sorumluluk sahibi bir insan, kendisi veya \u00e7ocuklar\u0131 i\u00e7in nas\u0131l bir e\u011fitim modeli aramal\u0131d\u0131r? &#8211; Hayata de\u011fer katmak i\u00e7in ne t\u00fcr insanlar\u0131 aray\u0131p bulmak gerekir? &#8211; Do\u011fru kararlar\u0131 alabilmek i\u00e7in en \u00e7ok kimleri dinlemek gerekir? &#8211; En iyi nas\u0131l seyahat edilir; bir \u015fehir nas\u0131l dola\u015f\u0131l\u0131r? Hangi m\u00fcze, hangi meydan, hangi sokaklar\u0131 g\u00f6rmek i\u00e7in d\u00fcnyan\u0131n bir ucuna kadar gidilebilir? &#8211; \u0130yi film, g\u00fczel m\u00fczik, do\u011fru kitap nedir? Hangi temel eserleri dinlemeli, okumal\u0131 ve seyretmeliyiz? &#8211; \u0130nsan ya\u015fad\u0131\u011f\u0131 \u015fehirden tam manas\u0131yla nas\u0131l yararlanabilir? \u201cBir \u00d6m\u00fcr Nas\u0131l Ya\u015fan\u0131r?\u201d, \u00fclkemizin medar\u0131iftihar\u0131 olmu\u015f bir tarih\u00e7inin g\u00f6z\u00fcnden, insan\u0131n hayattaki anlam aray\u0131\u015f\u0131na, bu aray\u0131\u015f\u0131n tad\u0131n\u0131 nas\u0131l \u00e7\u0131karaca\u011f\u0131na ve s\u00fcre\u00e7 boyunca kar\u015f\u0131la\u015faca\u011f\u0131 zorluklarla nas\u0131l ba\u015f etmesi gerekti\u011fine dair \u00e7ok \u00f6zel bir k\u0131lavuz\u2026<\/p>","protected":false},"featured_media":23200,"template":"","meta":{"spay_email":""},"product_cat":[169],"product_tag":[],"item":[729],"acf":[],"_links":{"self":[{"href":"https:\/\/mgvpublications.com\/de\/wp-json\/wp\/v2\/product\/7502"}],"collection":[{"href":"https:\/\/mgvpublications.com\/de\/wp-json\/wp\/v2\/product"}],"about":[{"href":"https:\/\/mgvpublications.com\/de\/wp-json\/wp\/v2\/types\/product"}],"wp:featuredmedia":[{"embeddable":true,"href":"https:\/\/mgvpublications.com\/de\/wp-json\/wp\/v2\/media\/23200"}],"wp:attachment":[{"href":"https:\/\/mgvpublications.com\/de\/wp-json\/wp\/v2\/media?parent=7502"}],"wp:term":[{"taxonomy":"product_cat","embeddable":true,"href":"https:\/\/mgvpublications.com\/de\/wp-json\/wp\/v2\/product_cat?post=7502"},{"taxonomy":"product_tag","embeddable":true,"href":"https:\/\/mgvpublications.com\/de\/wp-json\/wp\/v2\/product_tag?post=7502"},{"taxonomy":"item","embeddable":true,"href":"https:\/\/mgvpublications.com\/de\/wp-json\/wp\/v2\/item?post=7502"}],"curies":[{"name":"wp","href":"https:\/\/api.w.org\/{rel}","templated":true}]}}