{"id":7498,"date":"2019-07-02T11:26:39","date_gmt":"2019-07-02T09:26:39","guid":{"rendered":"https:\/\/dev2.mgvpublications.com\/produkt\/devletin-gizli-sirlari-heyet-2\/"},"modified":"2022-03-08T22:30:44","modified_gmt":"2022-03-08T21:30:44","slug":"devletin-gizli-sirlari-heyet-2","status":"publish","type":"product","link":"https:\/\/mgvpublications.com\/de\/devletin-gizli-sirlari-heyet-2\/","title":{"rendered":"Devletin Gizli S\u0131rlar\u0131 Heyet 2"},"content":{"rendered":"<p>Yay\u0131n Tarihi 2017-06-02<br \/>\nISBN 6058272644<br \/>\nBask\u0131 Say\u0131s\u0131 1. Bask\u0131<br \/>\nDil T\u00dcRK\u00c7E<br \/>\nSayfa Say\u0131s\u0131 320<br \/>\nCilt Tipi Karton Kapak<br \/>\nKa\u011f\u0131t Cinsi Kitap Ka\u011f\u0131d\u0131<br \/>\nBoyut 13.5 x 21 cm<\/p>","protected":false},"excerpt":{"rendered":"<p>Abd\u00fclhamid Han&#8217;\u0131n d\u00fcnyay\u0131 saran muhte\u015fem istihbarat\u0131n\u0131n ger\u00e7ek hik\u00e2yeleri\u2026 \u0130stihbarat\u0131n p\u00eeri Ku\u015f\u00e7uba\u015f\u0131 E\u015fref ile Lawrence&#8217;\u0131n amans\u0131z m\u00fccadelesi\u2026 \u00c7ok yak\u0131n tarihin s\u0131r perdeleri, perde arkas\u0131 suikastler, mafya sava\u015flar\u0131, istihbari \u00e7arp\u0131\u015fmalar, Adnan Menderes ve Erbakan&#8217;\u0131n hi\u00e7 bilmedi\u011finiz devletler var eden hamleleri, Derin akl\u0131n 40 y\u0131ll\u0131k dirili\u015f plan\u0131, Ye\u015fil\u2019in hik\u00e2yesi, pkk, asala, fet\u00f6 ve daha fazlas\u0131.<br \/>\nBu kitap size Devlet baban\u0131n hikayesini anlatacak. Ve unutmay\u0131n s\u0131rr\u0131n s\u0131rr\u0131 da vard\u0131r. Bu kitap size s\u0131rr\u0131n s\u0131rr\u0131n\u0131da anlatacak. Ve anlatt\u0131klar\u0131m\u0131z\u0131 anlad\u0131k\u00e7a bildikleriniz sadece basit birer bilgi olarak kalacak<\/p>","protected":false},"featured_media":7499,"template":"","meta":{"spay_email":""},"product_cat":[173],"product_tag":[],"item":[1390],"acf":[],"_links":{"self":[{"href":"https:\/\/mgvpublications.com\/de\/wp-json\/wp\/v2\/product\/7498"}],"collection":[{"href":"https:\/\/mgvpublications.com\/de\/wp-json\/wp\/v2\/product"}],"about":[{"href":"https:\/\/mgvpublications.com\/de\/wp-json\/wp\/v2\/types\/product"}],"wp:featuredmedia":[{"embeddable":true,"href":"https:\/\/mgvpublications.com\/de\/wp-json\/wp\/v2\/media\/7499"}],"wp:attachment":[{"href":"https:\/\/mgvpublications.com\/de\/wp-json\/wp\/v2\/media?parent=7498"}],"wp:term":[{"taxonomy":"product_cat","embeddable":true,"href":"https:\/\/mgvpublications.com\/de\/wp-json\/wp\/v2\/product_cat?post=7498"},{"taxonomy":"product_tag","embeddable":true,"href":"https:\/\/mgvpublications.com\/de\/wp-json\/wp\/v2\/product_tag?post=7498"},{"taxonomy":"item","embeddable":true,"href":"https:\/\/mgvpublications.com\/de\/wp-json\/wp\/v2\/item?post=7498"}],"curies":[{"name":"wp","href":"https:\/\/api.w.org\/{rel}","templated":true}]}}