{"id":7496,"date":"2019-07-02T11:11:29","date_gmt":"2019-07-02T09:11:29","guid":{"rendered":"https:\/\/dev2.mgvpublications.com\/produkt\/devletin-gizli-sahipleri-heyet\/"},"modified":"2022-03-08T22:30:44","modified_gmt":"2022-03-08T21:30:44","slug":"devletin-gizli-sahipleri-heyet","status":"publish","type":"product","link":"https:\/\/mgvpublications.com\/de\/devletin-gizli-sahipleri-heyet\/","title":{"rendered":"Devletin Gizli Sahipleri Heyet"},"content":{"rendered":"<p>Yay\u0131n Tarihi 2018-01-01<br \/>\nISBN 6058364639<br \/>\nBask\u0131 Say\u0131s\u0131 14. Bask\u0131<br \/>\nDil T\u00dcRK\u00c7E<br \/>\nSayfa Say\u0131s\u0131 286<br \/>\nCilt Tipi Karton Kapak<br \/>\nKa\u011f\u0131t Cinsi Kitap Ka\u011f\u0131d\u0131<br \/>\nBoyut 13.5 x 21 cm<\/p>","protected":false},"excerpt":{"rendered":"<p>Bug\u00fcne kadar okuduklar\u0131n\u0131z\u0131 unutun\u2026<br \/>\n16 T\u00fcrk Devletini, yine 16 T\u00fcrk Devletinin y\u0131kmas\u0131 tesad\u00fcf m\u00fcyd\u00fc?<br \/>\nAsl\u0131nda y\u0131k\u0131lan bir devlet yoktu, sadece ismi de\u011fi\u015ftiren bir HEYET vard\u0131.<br \/>\nMeta Han \u2018dan bug\u00fcne kadar size anlat\u0131lmayan tarih, bu kitab\u0131n sayfalar\u0131 aras\u0131nda gizli.<br \/>\nVe inan\u0131n sayfalar\u0131 \u00e7evirdik\u00e7e \u015fa\u015f\u0131racaks\u0131n\u0131z, bildiklerinizin sadece basit birer bilgi oldu\u011funu g\u00f6receksiniz.<br \/>\nGer\u00e7ekleri \u00f6\u011frenmek i\u00e7in sadece ilk sayfay\u0131 okuman\u0131z yeterli.<br \/>\n\u0130nan\u0131n bu kitab\u0131 elinizden b\u0131rakamayacaks\u0131n\u0131z!<\/p>","protected":false},"featured_media":7497,"template":"","meta":{"spay_email":""},"product_cat":[173],"product_tag":[],"item":[1390],"acf":[],"_links":{"self":[{"href":"https:\/\/mgvpublications.com\/de\/wp-json\/wp\/v2\/product\/7496"}],"collection":[{"href":"https:\/\/mgvpublications.com\/de\/wp-json\/wp\/v2\/product"}],"about":[{"href":"https:\/\/mgvpublications.com\/de\/wp-json\/wp\/v2\/types\/product"}],"wp:featuredmedia":[{"embeddable":true,"href":"https:\/\/mgvpublications.com\/de\/wp-json\/wp\/v2\/media\/7497"}],"wp:attachment":[{"href":"https:\/\/mgvpublications.com\/de\/wp-json\/wp\/v2\/media?parent=7496"}],"wp:term":[{"taxonomy":"product_cat","embeddable":true,"href":"https:\/\/mgvpublications.com\/de\/wp-json\/wp\/v2\/product_cat?post=7496"},{"taxonomy":"product_tag","embeddable":true,"href":"https:\/\/mgvpublications.com\/de\/wp-json\/wp\/v2\/product_tag?post=7496"},{"taxonomy":"item","embeddable":true,"href":"https:\/\/mgvpublications.com\/de\/wp-json\/wp\/v2\/item?post=7496"}],"curies":[{"name":"wp","href":"https:\/\/api.w.org\/{rel}","templated":true}]}}