{"id":7492,"date":"2019-07-02T11:06:16","date_gmt":"2019-07-02T09:06:16","guid":{"rendered":"https:\/\/dev2.mgvpublications.com\/produkt\/mustafa-kemal\/"},"modified":"2022-03-08T22:30:43","modified_gmt":"2022-03-08T21:30:43","slug":"mustafa-kemal","status":"publish","type":"product","link":"https:\/\/mgvpublications.com\/de\/mustafa-kemal\/","title":{"rendered":"Mustafa Kemal"},"content":{"rendered":"<p>Yay\u0131n Tarihi 2018-12-17<br \/>\nISBN 6052983690<br \/>\nBask\u0131 Say\u0131s\u0131 12. Bask\u0131<br \/>\nDil T\u00dcRK\u00c7E<br \/>\nSayfa Say\u0131s\u0131 520<br \/>\nCilt Tipi Karton Kapak<br \/>\nKa\u011f\u0131t Cinsi Kitap Ka\u011f\u0131d\u0131<br \/>\nBoyut 13.7 x 23 cm<\/p>","protected":false},"excerpt":{"rendered":"<p>\u201cEy T\u00fcrk gen\u00e7li\u011fi!<br \/>\nBirinci vazifen&#8230;\u201d<\/p>","protected":false},"featured_media":7493,"template":"","meta":{"spay_email":""},"product_cat":[173,170],"product_tag":[],"item":[697],"acf":[],"_links":{"self":[{"href":"https:\/\/mgvpublications.com\/de\/wp-json\/wp\/v2\/product\/7492"}],"collection":[{"href":"https:\/\/mgvpublications.com\/de\/wp-json\/wp\/v2\/product"}],"about":[{"href":"https:\/\/mgvpublications.com\/de\/wp-json\/wp\/v2\/types\/product"}],"wp:featuredmedia":[{"embeddable":true,"href":"https:\/\/mgvpublications.com\/de\/wp-json\/wp\/v2\/media\/7493"}],"wp:attachment":[{"href":"https:\/\/mgvpublications.com\/de\/wp-json\/wp\/v2\/media?parent=7492"}],"wp:term":[{"taxonomy":"product_cat","embeddable":true,"href":"https:\/\/mgvpublications.com\/de\/wp-json\/wp\/v2\/product_cat?post=7492"},{"taxonomy":"product_tag","embeddable":true,"href":"https:\/\/mgvpublications.com\/de\/wp-json\/wp\/v2\/product_tag?post=7492"},{"taxonomy":"item","embeddable":true,"href":"https:\/\/mgvpublications.com\/de\/wp-json\/wp\/v2\/item?post=7492"}],"curies":[{"name":"wp","href":"https:\/\/api.w.org\/{rel}","templated":true}]}}