{"id":7483,"date":"2019-07-02T10:55:13","date_gmt":"2019-07-02T08:55:13","guid":{"rendered":"https:\/\/dev2.mgvpublications.com\/produkt\/ruezgarlar-hep-genctir\/"},"modified":"2022-03-08T22:30:43","modified_gmt":"2022-03-08T21:30:43","slug":"ruezgarlar-hep-genctir","status":"publish","type":"product","link":"https:\/\/mgvpublications.com\/de\/ruezgarlar-hep-genctir\/","title":{"rendered":"R\u00fczgarlar Hep Gen\u00e7tir"},"content":{"rendered":"<p>Yay\u0131n Tarihi 2019-02-27<br \/>\nISBN 6050959468<br \/>\nBask\u0131 Say\u0131s\u0131 1. Bask\u0131<br \/>\nDil T\u00dcRK\u00c7E<br \/>\nSayfa Say\u0131s\u0131 224<br \/>\nCilt Tipi Karton Kapak<br \/>\nKa\u011f\u0131t Cinsi Kitap Ka\u011f\u0131d\u0131<br \/>\nBoyut 13.7 x 21 cm<\/p>","protected":false},"excerpt":{"rendered":"<p>Evrensel bir ezgidir Z\u00fclf\u00fc Livaneli,<br \/>\nYa da e\u015fsiz bir film karesi,<br \/>\nBelki de sonu gelsin istemedi\u011fimiz bir romand\u0131r o.<br \/>\nAma en \u00e7ok da umuttur.<br \/>\nHep gen\u00e7 kalan, gen\u00e7likle \u00e7o\u011falan, her dokundu\u011funa \u00e7i\u00e7ek a\u00e7t\u0131ran umutlu bir r\u00fczg\u00e2r.<\/p>","protected":false},"featured_media":7484,"template":"","meta":{"spay_email":""},"product_cat":[168],"product_tag":[],"item":[390],"acf":[],"_links":{"self":[{"href":"https:\/\/mgvpublications.com\/de\/wp-json\/wp\/v2\/product\/7483"}],"collection":[{"href":"https:\/\/mgvpublications.com\/de\/wp-json\/wp\/v2\/product"}],"about":[{"href":"https:\/\/mgvpublications.com\/de\/wp-json\/wp\/v2\/types\/product"}],"wp:featuredmedia":[{"embeddable":true,"href":"https:\/\/mgvpublications.com\/de\/wp-json\/wp\/v2\/media\/7484"}],"wp:attachment":[{"href":"https:\/\/mgvpublications.com\/de\/wp-json\/wp\/v2\/media?parent=7483"}],"wp:term":[{"taxonomy":"product_cat","embeddable":true,"href":"https:\/\/mgvpublications.com\/de\/wp-json\/wp\/v2\/product_cat?post=7483"},{"taxonomy":"product_tag","embeddable":true,"href":"https:\/\/mgvpublications.com\/de\/wp-json\/wp\/v2\/product_tag?post=7483"},{"taxonomy":"item","embeddable":true,"href":"https:\/\/mgvpublications.com\/de\/wp-json\/wp\/v2\/item?post=7483"}],"curies":[{"name":"wp","href":"https:\/\/api.w.org\/{rel}","templated":true}]}}