{"id":7481,"date":"2019-07-02T10:47:02","date_gmt":"2019-07-02T08:47:02","guid":{"rendered":"https:\/\/dev2.mgvpublications.com\/produkt\/tutunamayanlar-buetuen-eserleri-1\/"},"modified":"2022-04-07T14:58:20","modified_gmt":"2022-04-07T12:58:20","slug":"tutunamayanlar-buetuen-eserleri-1","status":"publish","type":"product","link":"https:\/\/mgvpublications.com\/de\/tutunamayanlar-buetuen-eserleri-1\/","title":{"rendered":"Tutunamayanlar \/ B\u00fct\u00fcn Eserleri 1"},"content":{"rendered":"<p>Kapak: \u00dcmit K\u0131van\u00e7<br \/>\nYay\u0131n Tarihi 2017-07-28<br \/>\nISBN 9754700114<br \/>\nBask\u0131 Say\u0131s\u0131 87. Bask\u0131<br \/>\nDil T\u00dcRK\u00c7E<br \/>\nSayfa Say\u0131s\u0131 724<br \/>\nCilt Tipi Karton Kapak<br \/>\nKa\u011f\u0131t Cinsi Kitap Ka\u011f\u0131d\u0131<br \/>\nBoyut 13 x 19 cm<\/p>","protected":false},"excerpt":{"rendered":"<p>Tutunamayanlar, T\u00fcrk edebiyat\u0131n\u0131n en \u00f6nemli eserlerinden biridir. Berna Moran, O\u011fuz Atay&#8217;\u0131n bu ilk roman\u0131n\u0131 &#8220;hem s\u00f6yledikleri hem de s\u00f6yleyi\u015f bi\u00e7imiyle bir ba\u015fkald\u0131r\u0131&#8221; olarak niteler. Moran&#8217;a g\u00f6re &#8220;O\u011fuz Atay&#8217;\u0131n mizah g\u00fcc\u00fc ve duyarl\u0131\u011f\u0131 ve kulland\u0131\u011f\u0131 teknik incelikler, Tutunamayanlar&#8217;\u0131 b\u00fcy\u00fck bir yetene\u011fin \u00fcr\u00fcn\u00fc yapm\u0131\u015f, eserdeki bu yetkinlik T\u00fcrk roman\u0131n\u0131 \u00e7a\u011fda\u015f roman anlay\u0131\u015f\u0131yla ayn\u0131 hizaya getirmi\u015f ve ona \u00e7ok \u015fey kazand\u0131rm\u0131\u015ft\u0131r. &#8220;K\u00fc\u00e7\u00fck burjuva d\u00fcnyas\u0131n\u0131 ve de\u011ferlerini zekice alaya alan Atay, &#8220;sald\u0131r\u0131s\u0131 tutunanlar\u0131n anlamayaca\u011f\u0131, rededece\u011fi t\u00fcrden bir romanla yazar.&#8221;<\/p>","protected":false},"featured_media":7482,"template":"","meta":{"spay_email":""},"product_cat":[168],"product_tag":[],"item":[365],"acf":[],"_links":{"self":[{"href":"https:\/\/mgvpublications.com\/de\/wp-json\/wp\/v2\/product\/7481"}],"collection":[{"href":"https:\/\/mgvpublications.com\/de\/wp-json\/wp\/v2\/product"}],"about":[{"href":"https:\/\/mgvpublications.com\/de\/wp-json\/wp\/v2\/types\/product"}],"wp:featuredmedia":[{"embeddable":true,"href":"https:\/\/mgvpublications.com\/de\/wp-json\/wp\/v2\/media\/7482"}],"wp:attachment":[{"href":"https:\/\/mgvpublications.com\/de\/wp-json\/wp\/v2\/media?parent=7481"}],"wp:term":[{"taxonomy":"product_cat","embeddable":true,"href":"https:\/\/mgvpublications.com\/de\/wp-json\/wp\/v2\/product_cat?post=7481"},{"taxonomy":"product_tag","embeddable":true,"href":"https:\/\/mgvpublications.com\/de\/wp-json\/wp\/v2\/product_tag?post=7481"},{"taxonomy":"item","embeddable":true,"href":"https:\/\/mgvpublications.com\/de\/wp-json\/wp\/v2\/item?post=7481"}],"curies":[{"name":"wp","href":"https:\/\/api.w.org\/{rel}","templated":true}]}}