{"id":7473,"date":"2019-07-02T10:36:36","date_gmt":"2019-07-02T08:36:36","guid":{"rendered":"https:\/\/dev2.mgvpublications.com\/produkt\/geldik-sayilir\/"},"modified":"2022-03-08T22:30:39","modified_gmt":"2022-03-08T21:30:39","slug":"geldik-sayilir","status":"publish","type":"product","link":"https:\/\/mgvpublications.com\/de\/geldik-sayilir\/","title":{"rendered":"Geldik Say\u0131l\u0131r"},"content":{"rendered":"<p>Yay\u0131n Tarihi 2017-12-27<br \/>\nISBN 9759969509<br \/>\nBask\u0131 Say\u0131s\u0131 5. Bask\u0131<br \/>\nDil T\u00dcRK\u00c7E<br \/>\nSayfa Say\u0131s\u0131 200<br \/>\nCilt Tipi Karton Kapak<br \/>\nKa\u011f\u0131t Cinsi Kitap Ka\u011f\u0131d\u0131<br \/>\nBoyut 13.5 x 21 cm<\/p>","protected":false},"excerpt":{"rendered":"<p>\u0130nsan yorgunluktan ibarettir.<br \/>\nGelir, yorulur ve gider.<br \/>\nHayat\u0131n bir yolculuk oldu\u011funa<br \/>\ninan\u0131yoruz. Gitmek i\u00e7in geldik.<br \/>\nBu ya\u015f\u0131ma kadar g\u00f6rd\u00fc\u011f\u00fcm g\u00fczellik<br \/>\nve inceliklerin bir k\u0131sm\u0131 bu kitapta<br \/>\nbulunuyor. Geldik Say\u0131l\u0131r, on be\u015f y\u0131l<br \/>\nboyunca kaleme ald\u0131\u011f\u0131m gezi ve<br \/>\ndostluk yaz\u0131lar\u0131ndan olu\u015fuyor. Biraz<br \/>\nda hat\u0131ralar, hevesler.<br \/>\nElbette gitmek istedi\u011fim halde<br \/>\ngidemedi\u011fim yerler de var. Ahlat,<br \/>\nGelendost, Sultanda\u011f\u0131 gibi. Belki<br \/>\noralar\u0131 da g\u00f6rme imk\u00e2n\u0131m olur ve<br \/>\nkitaptaki yerlerini al\u0131rlar.<\/p>","protected":false},"featured_media":7474,"template":"","meta":{"spay_email":""},"product_cat":[168],"product_tag":[],"item":[354],"acf":[],"_links":{"self":[{"href":"https:\/\/mgvpublications.com\/de\/wp-json\/wp\/v2\/product\/7473"}],"collection":[{"href":"https:\/\/mgvpublications.com\/de\/wp-json\/wp\/v2\/product"}],"about":[{"href":"https:\/\/mgvpublications.com\/de\/wp-json\/wp\/v2\/types\/product"}],"wp:featuredmedia":[{"embeddable":true,"href":"https:\/\/mgvpublications.com\/de\/wp-json\/wp\/v2\/media\/7474"}],"wp:attachment":[{"href":"https:\/\/mgvpublications.com\/de\/wp-json\/wp\/v2\/media?parent=7473"}],"wp:term":[{"taxonomy":"product_cat","embeddable":true,"href":"https:\/\/mgvpublications.com\/de\/wp-json\/wp\/v2\/product_cat?post=7473"},{"taxonomy":"product_tag","embeddable":true,"href":"https:\/\/mgvpublications.com\/de\/wp-json\/wp\/v2\/product_tag?post=7473"},{"taxonomy":"item","embeddable":true,"href":"https:\/\/mgvpublications.com\/de\/wp-json\/wp\/v2\/item?post=7473"}],"curies":[{"name":"wp","href":"https:\/\/api.w.org\/{rel}","templated":true}]}}