{"id":7469,"date":"2019-07-02T00:49:41","date_gmt":"2019-07-01T22:49:41","guid":{"rendered":"https:\/\/dev2.mgvpublications.com\/produkt\/her-guene-bir-einstein\/"},"modified":"2022-03-08T22:30:39","modified_gmt":"2022-03-08T21:30:39","slug":"her-guene-bir-einstein","status":"publish","type":"product","link":"https:\/\/mgvpublications.com\/de\/her-guene-bir-einstein\/","title":{"rendered":"Her G\u00fcne Bir Einstein"},"content":{"rendered":"<p>\u00c7evirmen: P\u0131nar G\u00f6kpar Cubells<br \/>\nYay\u0131n Tarihi 2018-11-09<br \/>\nISBN 6059441957<br \/>\nBask\u0131 Say\u0131s\u0131 1. Bask\u0131<br \/>\nDil T\u00dcRK\u00c7E<br \/>\nSayfa Say\u0131s\u0131 256<br \/>\nCilt Tipi Karton Kapak<br \/>\nKa\u011f\u0131t Cinsi Kitap Ka\u011f\u0131d\u0131<br \/>\nBoyut 14 x 18 cm<\/p>","protected":false},"excerpt":{"rendered":"<p>HAYATINIZDA EINSTEIN\u2019A YER A\u00c7IN<br \/>\n\u00c7\u00dcNK\u00dc H\u0130\u00c7B\u0130R YAN ETK\u0130S\u0130 YOKTUR!<\/p>\n<p>Hayatla nas\u0131l ba\u015f edebilece\u011finizi g\u00f6steren 85 re\u00e7ete<\/p>\n<p>Bu kitap \u00fcnl\u00fc biliminsan\u0131 Einstein\u2019\u0131n bilimsel \u00e7\u0131kar\u0131mlar\u0131ndan yola \u00e7\u0131karak g\u00fcnl\u00fck hayat\u0131m\u0131zda hayat\u0131 nas\u0131l anlaml\u0131 k\u0131laca\u011f\u0131m\u0131z\u0131n, hayatla nas\u0131l ba\u015f edece\u011fimizin ve hayat\u0131 nas\u0131l doyas\u0131ya ya\u015fayaca\u011f\u0131m\u0131z\u0131n s\u0131rr\u0131n\u0131 veriyor. Bu biliminsan\u0131n\u0131n bulu\u015flar\u0131 son y\u00fczy\u0131lda insanl\u0131k tarihini inan\u0131lmaz \u00f6l\u00e7\u00fcde de\u011fi\u015ftirdi. Einstein\u2019\u0131n \u00e7\u0131kar\u0131mlar\u0131ndan olu\u015fan 85 re\u00e7ete sayesinde; \u00e7a\u011f\u0131m\u0131z\u0131n en etkili biliminsan\u0131ndan ilham alarak g\u00fcn\u00fcm\u00fczde kar\u015f\u0131 kar\u015f\u0131ya kald\u0131\u011f\u0131m\u0131z zorluklarla ba\u015f etmesini \u00f6\u011frenebiliriz.<\/p>","protected":false},"featured_media":7470,"template":"","meta":{"spay_email":""},"product_cat":[168],"product_tag":[],"item":[733],"acf":[],"_links":{"self":[{"href":"https:\/\/mgvpublications.com\/de\/wp-json\/wp\/v2\/product\/7469"}],"collection":[{"href":"https:\/\/mgvpublications.com\/de\/wp-json\/wp\/v2\/product"}],"about":[{"href":"https:\/\/mgvpublications.com\/de\/wp-json\/wp\/v2\/types\/product"}],"wp:featuredmedia":[{"embeddable":true,"href":"https:\/\/mgvpublications.com\/de\/wp-json\/wp\/v2\/media\/7470"}],"wp:attachment":[{"href":"https:\/\/mgvpublications.com\/de\/wp-json\/wp\/v2\/media?parent=7469"}],"wp:term":[{"taxonomy":"product_cat","embeddable":true,"href":"https:\/\/mgvpublications.com\/de\/wp-json\/wp\/v2\/product_cat?post=7469"},{"taxonomy":"product_tag","embeddable":true,"href":"https:\/\/mgvpublications.com\/de\/wp-json\/wp\/v2\/product_tag?post=7469"},{"taxonomy":"item","embeddable":true,"href":"https:\/\/mgvpublications.com\/de\/wp-json\/wp\/v2\/item?post=7469"}],"curies":[{"name":"wp","href":"https:\/\/api.w.org\/{rel}","templated":true}]}}