{"id":7465,"date":"2019-07-02T00:44:11","date_gmt":"2019-07-01T22:44:11","guid":{"rendered":"https:\/\/dev2.mgvpublications.com\/produkt\/her-guene-bir-kafka\/"},"modified":"2022-03-08T22:30:39","modified_gmt":"2022-03-08T21:30:39","slug":"her-guene-bir-kafka","status":"publish","type":"product","link":"https:\/\/mgvpublications.com\/de\/her-guene-bir-kafka\/","title":{"rendered":"Her G\u00fcne Bir Kafka"},"content":{"rendered":"<p>\u00c7evirmen: Burcu Gen\u00e7<br \/>\nYay\u0131n Tarihi 2017-09-20<br \/>\nISBN 6059441391<br \/>\nBask\u0131 Say\u0131s\u0131 1. Bask\u0131<br \/>\nDil T\u00dcRK\u00c7E<br \/>\nSayfa Say\u0131s\u0131 224<br \/>\nCilt Tipi Karton Kapak<br \/>\nKa\u011f\u0131t Cinsi Kitap Ka\u011f\u0131d\u0131<br \/>\nBoyut 14 x 18 cm<\/p>","protected":false},"excerpt":{"rendered":"<p>Hayatla nas\u0131l ba\u015f edebilece\u011finizi g\u00f6steren 99 re\u00e7ete<\/p>\n<p>Bu kitapta Franz Kafka\u2019n\u0131n felsefesine bakaca\u011f\u0131z. Ancak bu sefer edebi veya sosyal bir ama\u00e7 u\u011fruna de\u011fil de sadece daha iyi ya\u015famay\u0131 \u00f6\u011frenebilmek i\u00e7in. Bunun i\u00e7in her b\u00f6l\u00fcm Franz Kafka\u2019n\u0131n bir s\u00f6z\u00fcyle a\u00e7\u0131lacak, kendi g\u00fcnl\u00fck ya\u015fam\u0131n\u0131zda uygulayabilmeniz i\u00e7in pratik veya psikolojik bir yorumla ilerlenecektir.<\/p>\n<p>Kafka felsefesinin bu taze ve \u00f6zg\u00fcn kursu, g\u00fcndelik karga\u015fa ve f\u0131rt\u0131nal\u0131 s\u00fcre\u00e7lerden ne\u015fenizi kaybetmeden \u00e7\u0131kman\u0131z\u0131 sa\u011flayabilecek bir elkitab\u0131 gibidir.<\/p>","protected":false},"featured_media":7466,"template":"","meta":{"spay_email":""},"product_cat":[168],"product_tag":[],"item":[733],"acf":[],"_links":{"self":[{"href":"https:\/\/mgvpublications.com\/de\/wp-json\/wp\/v2\/product\/7465"}],"collection":[{"href":"https:\/\/mgvpublications.com\/de\/wp-json\/wp\/v2\/product"}],"about":[{"href":"https:\/\/mgvpublications.com\/de\/wp-json\/wp\/v2\/types\/product"}],"wp:featuredmedia":[{"embeddable":true,"href":"https:\/\/mgvpublications.com\/de\/wp-json\/wp\/v2\/media\/7466"}],"wp:attachment":[{"href":"https:\/\/mgvpublications.com\/de\/wp-json\/wp\/v2\/media?parent=7465"}],"wp:term":[{"taxonomy":"product_cat","embeddable":true,"href":"https:\/\/mgvpublications.com\/de\/wp-json\/wp\/v2\/product_cat?post=7465"},{"taxonomy":"product_tag","embeddable":true,"href":"https:\/\/mgvpublications.com\/de\/wp-json\/wp\/v2\/product_tag?post=7465"},{"taxonomy":"item","embeddable":true,"href":"https:\/\/mgvpublications.com\/de\/wp-json\/wp\/v2\/item?post=7465"}],"curies":[{"name":"wp","href":"https:\/\/api.w.org\/{rel}","templated":true}]}}