{"id":7457,"date":"2019-07-02T00:33:02","date_gmt":"2019-07-01T22:33:02","guid":{"rendered":"https:\/\/dev2.mgvpublications.com\/produkt\/carpisma\/"},"modified":"2025-04-27T08:08:54","modified_gmt":"2025-04-27T06:08:54","slug":"carpisma","status":"publish","type":"product","link":"https:\/\/mgvpublications.com\/de\/carpisma\/","title":{"rendered":"\u00c7arp\u0131\u015fma"},"content":{"rendered":"<p>Yay\u0131n Tarihi 2016-01-01<br \/>\nISBN 9755708072<br \/>\nBask\u0131 Say\u0131s\u0131 1. Bask\u0131<br \/>\nDil T\u00dcRK\u00c7E<br \/>\nSayfa Say\u0131s\u0131 211<br \/>\nCilt Tipi Karton Kapak<br \/>\nKa\u011f\u0131t Cinsi 2. Hm. Ka\u011f\u0131t<br \/>\nBoyut 14 x 20 cm<\/p>","protected":false},"excerpt":{"rendered":"<p>J.G. Ballard bu dev eserinde teknolojiyle ili\u015fkimizi tahrip ve tahrik ederek bizi bir \u201caraba sevdas\u0131\u201d distopyas\u0131na ta\u015f\u0131yor. Kimi ele\u015ftirmenlerin t\u00fcr\u00fcn\u00fcn tek \u00f6rne\u011fi olarak g\u00f6sterdi\u011fi, kimilerinin ise mide buland\u0131r\u0131c\u0131 buldu\u011fu bu makine-erotizm hezeyan\u0131n\u0131n kahramanlar\u0131 g\u00fcndelik hayat\u0131m\u0131z\u0131n \u00fcrk\u00fct\u00fcc\u00fc derecede i\u00e7inde, haz ve saplant\u0131lar\u0131n\u0131n \u00e7arp\u0131k ba\u011flant\u0131lar\u0131 ise hep k\u0131y\u0131s\u0131nda durdu\u011fumuz bir u\u00e7urumun alt\u0131nda. \u0130ktidar, stat\u00fc ve cinsellik sembol\u00fc olarak otomobilin feti\u015f nesnesinin ta kendisi haline geldi\u011fi sat\u0131rlarda Ballard, bilimkurgunun yabanc\u0131la\u015ft\u0131r\u0131c\u0131l\u0131\u011f\u0131n\u0131n kar\u015f\u0131s\u0131na, \u201cAs\u0131l yabanc\u0131 gezegen d\u00fcnyam\u0131zd\u0131r\u201d g\u00f6r\u00fc\u015f\u00fcne uygun olarak ger\u00e7e\u011fin ve m\u00fcmk\u00fcn olan\u0131n deh\u015fetini koyuyor.<\/p>\n<p>David Cronenberg taraf\u0131ndan filme uyarland\u0131\u011f\u0131nda b\u00fcy\u00fck yank\u0131 uyand\u0131ran ve Cannes Film Festivali\u2019nde J\u00fcri \u00d6zel \u00d6d\u00fcl\u00fc\u2019n\u00fc ald\u0131\u011f\u0131nda b\u00fcy\u00fck tart\u0131\u015fmalar yaratan \u00c7arp\u0131\u015fma distopik edebiyat\u0131n en \u00f6nemli \u00f6rneklerinden biri.<\/p>","protected":false},"featured_media":7458,"template":"","meta":{"spay_email":""},"product_cat":[168],"product_tag":[],"item":[1362],"acf":[],"_links":{"self":[{"href":"https:\/\/mgvpublications.com\/de\/wp-json\/wp\/v2\/product\/7457"}],"collection":[{"href":"https:\/\/mgvpublications.com\/de\/wp-json\/wp\/v2\/product"}],"about":[{"href":"https:\/\/mgvpublications.com\/de\/wp-json\/wp\/v2\/types\/product"}],"wp:featuredmedia":[{"embeddable":true,"href":"https:\/\/mgvpublications.com\/de\/wp-json\/wp\/v2\/media\/7458"}],"wp:attachment":[{"href":"https:\/\/mgvpublications.com\/de\/wp-json\/wp\/v2\/media?parent=7457"}],"wp:term":[{"taxonomy":"product_cat","embeddable":true,"href":"https:\/\/mgvpublications.com\/de\/wp-json\/wp\/v2\/product_cat?post=7457"},{"taxonomy":"product_tag","embeddable":true,"href":"https:\/\/mgvpublications.com\/de\/wp-json\/wp\/v2\/product_tag?post=7457"},{"taxonomy":"item","embeddable":true,"href":"https:\/\/mgvpublications.com\/de\/wp-json\/wp\/v2\/item?post=7457"}],"curies":[{"name":"wp","href":"https:\/\/api.w.org\/{rel}","templated":true}]}}