{"id":7453,"date":"2019-07-02T00:27:58","date_gmt":"2019-07-01T22:27:58","guid":{"rendered":"https:\/\/dev2.mgvpublications.com\/produkt\/pal-sokagi-cocuklari\/"},"modified":"2022-04-02T13:54:17","modified_gmt":"2022-04-02T11:54:17","slug":"pal-sokagi-cocuklari","status":"publish","type":"product","link":"https:\/\/mgvpublications.com\/de\/pal-sokagi-cocuklari\/","title":{"rendered":"Pal Soka\u011f\u0131 \u00c7ocuklar\u0131"},"content":{"rendered":"<p>\u00c7evirmen: Tar\u0131k Demirkan<br \/>\nYay\u0131n Tarihi 2019-05-06<br \/>\nISBN 9750815546<br \/>\nBask\u0131 Say\u0131s\u0131 43. Bask\u0131<br \/>\nDil T\u00dcRK\u00c7E<br \/>\nSayfa Say\u0131s\u0131 244<br \/>\nCilt Tipi Karton Kapak<br \/>\nKa\u011f\u0131t Cinsi Kitap Ka\u011f\u0131d\u0131<br \/>\nBoyut 13.5 x 19.5 cm<\/p>","protected":false},"excerpt":{"rendered":"<p>Nemecsek, Boka ve P\u00e1l Soka\u011f\u0131\u2019n\u0131n \u00f6b\u00fcr \u00e7ocuklar\u0131 1907 y\u0131l\u0131nda Budape\u015fte\u2019nin yoksul J\u00f3zsefv\u00e1ros semtinden yola \u00e7\u0131kt\u0131lar. Bug\u00fcn art\u0131k b\u00fct\u00fcn d\u00fcnyada tan\u0131n\u0131yorlar. Bug\u00fcne kadar her ya\u015ftan milyonlarca insan onlar\u0131n dokunakl\u0131 hik\u00e2yesini okudu; t\u0131pk\u0131 Budape\u015fteli \u00e7ocuklar gibi onlar da Boka\u2019n\u0131n cesaretine hayran oldu, Nemecsek\u2019in \u00fcrkek ama kararl\u0131 kahramanl\u0131\u011f\u0131 kar\u015f\u0131s\u0131nda g\u00f6zya\u015flar\u0131n\u0131 tutamad\u0131.<br \/>\n\u015eimdi art\u0131k P\u00e1l Soka\u011f\u0131 \u00c7ocuklar\u0131\u2019n\u0131n Arsa\u2019s\u0131nda kocaman \u00e7ok katl\u0131 evler var.<br \/>\nAma ne gam: D\u00fcnyan\u0131n b\u00fct\u00fcn \u00e7ocuklar\u0131<br \/>\nP\u00e1l Soka\u011f\u0131\u2019ndand\u0131r!<\/p>","protected":false},"featured_media":7454,"template":"","meta":{"spay_email":""},"product_cat":[166,168],"product_tag":[],"item":[448],"acf":[],"_links":{"self":[{"href":"https:\/\/mgvpublications.com\/de\/wp-json\/wp\/v2\/product\/7453"}],"collection":[{"href":"https:\/\/mgvpublications.com\/de\/wp-json\/wp\/v2\/product"}],"about":[{"href":"https:\/\/mgvpublications.com\/de\/wp-json\/wp\/v2\/types\/product"}],"wp:featuredmedia":[{"embeddable":true,"href":"https:\/\/mgvpublications.com\/de\/wp-json\/wp\/v2\/media\/7454"}],"wp:attachment":[{"href":"https:\/\/mgvpublications.com\/de\/wp-json\/wp\/v2\/media?parent=7453"}],"wp:term":[{"taxonomy":"product_cat","embeddable":true,"href":"https:\/\/mgvpublications.com\/de\/wp-json\/wp\/v2\/product_cat?post=7453"},{"taxonomy":"product_tag","embeddable":true,"href":"https:\/\/mgvpublications.com\/de\/wp-json\/wp\/v2\/product_tag?post=7453"},{"taxonomy":"item","embeddable":true,"href":"https:\/\/mgvpublications.com\/de\/wp-json\/wp\/v2\/item?post=7453"}],"curies":[{"name":"wp","href":"https:\/\/api.w.org\/{rel}","templated":true}]}}