{"id":7444,"date":"2019-07-02T00:08:28","date_gmt":"2019-07-01T22:08:28","guid":{"rendered":"https:\/\/dev2.mgvpublications.com\/produkt\/olaganuestue-bir-gece\/"},"modified":"2022-03-08T22:30:36","modified_gmt":"2022-03-08T21:30:36","slug":"olaganuestue-bir-gece","status":"publish","type":"product","link":"https:\/\/mgvpublications.com\/de\/olaganuestue-bir-gece\/","title":{"rendered":"Ola\u011fan\u00fcst\u00fc Bir Gece"},"content":{"rendered":"<p>\u00c7evirmen: \u0130lknur \u0130gan<br \/>\nYay\u0131n Tarihi 2019-04-15<br \/>\nOrjinal Ad\u0131 Phantastische Nacht<br \/>\nISBN 6053326090<br \/>\nBask\u0131 Say\u0131s\u0131 17. Bask\u0131<br \/>\nDil T\u00dcRK\u00c7E<br \/>\nSayfa Say\u0131s\u0131 80<br \/>\nCilt Tipi Karton Kapak<br \/>\nKa\u011f\u0131t Cinsi Kitap Ka\u011f\u0131d\u0131<br \/>\nBoyut 12.5 x 20.5 cm<\/p>","protected":false},"excerpt":{"rendered":"<p>Ola\u011fan\u00fcst\u00fc Bir Gece, se\u00e7kin bir burjuva olarak rahat ve tasas\u0131z varolu\u015funu s\u00fcrd\u00fcr\u00fcrken giderek duyars\u0131zla\u015fan bir adam\u0131n hayat\u0131ndaki d\u00f6n\u00fc\u015ft\u00fcr\u00fcc\u00fc deneyimin hik\u00e2yesidir. S\u0131radan bir Pazar g\u00fcn\u00fcn\u00fc at yar\u0131\u015flar\u0131nda ge\u00e7irirken, belki de ilk kez burjuva ahlak\u0131ndan saparak \u201csu\u00e7\u201d i\u015fler. B\u00f6ylece yeniden \u201chissetmeye\u201d ba\u015flad\u0131\u011f\u0131n\u0131, k\u00f6t\u00fcc\u00fcl ve ate\u015fli hazlar\u0131 olan ger\u00e7ek bir insan oldu\u011funu fark eder. \u0130\u00e7indeki haz dolu esrime, ayn\u0131 g\u00fcn\u00fcn ak\u015fam\u0131nda onu gece \u00e2leminin son at\u0131klar\u0131n\u0131n aras\u0131na, \u201chayat\u0131n en dibindeki la\u011f\u0131mlara\u201d s\u00fcr\u00fckleyecek, var\u0131\u015f noktas\u0131 ise ruhani bir uyan\u0131\u015f olacakt\u0131r.<\/p>","protected":false},"featured_media":7445,"template":"","meta":{"spay_email":""},"product_cat":[167],"product_tag":[],"item":[336],"acf":[],"_links":{"self":[{"href":"https:\/\/mgvpublications.com\/de\/wp-json\/wp\/v2\/product\/7444"}],"collection":[{"href":"https:\/\/mgvpublications.com\/de\/wp-json\/wp\/v2\/product"}],"about":[{"href":"https:\/\/mgvpublications.com\/de\/wp-json\/wp\/v2\/types\/product"}],"wp:featuredmedia":[{"embeddable":true,"href":"https:\/\/mgvpublications.com\/de\/wp-json\/wp\/v2\/media\/7445"}],"wp:attachment":[{"href":"https:\/\/mgvpublications.com\/de\/wp-json\/wp\/v2\/media?parent=7444"}],"wp:term":[{"taxonomy":"product_cat","embeddable":true,"href":"https:\/\/mgvpublications.com\/de\/wp-json\/wp\/v2\/product_cat?post=7444"},{"taxonomy":"product_tag","embeddable":true,"href":"https:\/\/mgvpublications.com\/de\/wp-json\/wp\/v2\/product_tag?post=7444"},{"taxonomy":"item","embeddable":true,"href":"https:\/\/mgvpublications.com\/de\/wp-json\/wp\/v2\/item?post=7444"}],"curies":[{"name":"wp","href":"https:\/\/api.w.org\/{rel}","templated":true}]}}