{"id":7429,"date":"2019-07-01T23:46:42","date_gmt":"2019-07-01T21:46:42","guid":{"rendered":"https:\/\/dev2.mgvpublications.com\/produkt\/iyinin-ve-koetuenuen-oetesinde\/"},"modified":"2022-03-08T22:30:36","modified_gmt":"2022-03-08T21:30:36","slug":"iyinin-ve-koetuenuen-oetesinde","status":"publish","type":"product","link":"https:\/\/mgvpublications.com\/de\/iyinin-ve-koetuenuen-oetesinde\/","title":{"rendered":"\u0130yinin ve K\u00f6t\u00fcn\u00fcn \u00d6tesinde"},"content":{"rendered":"<p>\u00c7evirmen: Mustafa T\u00fczel<br \/>\nYay\u0131n Tarihi 2019-02-20<br \/>\nOrjinal Ad\u0131 Jenseits von Gut und B\u00f6se<br \/>\nISBN 6053327578<br \/>\nBask\u0131 Say\u0131s\u0131 5. Bask\u0131<br \/>\nDil T\u00dcRK\u00c7E<br \/>\nSayfa Say\u0131s\u0131 256<br \/>\nCilt Tipi Karton Kapak<br \/>\nKa\u011f\u0131t Cinsi Kitap Ka\u011f\u0131d\u0131<br \/>\nBoyut 12.5 x 20.5 cm<\/p>","protected":false},"excerpt":{"rendered":"<p>Kendini verme, en yak\u0131n i\u00e7in \u00f6zveride bulunma duygular\u0131, t\u00fcm kendini yads\u0131ma ahlak\u0131, ac\u0131mas\u0131zca sorguya \u00e7ekilip yarg\u0131 \u00f6n\u00fcne \u00e7\u0131kar\u0131lmal\u0131: Bug\u00fcn, sanat\u0131n erkekli\u011finin yok edilmesi i\u00e7in yeterince ayart\u0131c\u0131 olan temiz bir vicdan olu\u015fturmaya y\u00f6nelik esteti\u011fi ondan a\u015fa\u011f\u0131 kalmaz. \u015eu, &#8220;kendim i\u00e7in de\u011fil&#8221;, &#8220;bir ba\u015fkas\u0131 i\u00e7in&#8221; duygular\u0131nda \u00e7ok fazla b\u00fcy\u00fc ve \u015feker var; bu noktada \u00e7ifte kuruntulu olup sormaya gerek yok: &#8220;Yoksa bunlar birer ayartma olmas\u0131n sak\u0131n?&#8221;<\/p>","protected":false},"featured_media":7430,"template":"","meta":{"spay_email":""},"product_cat":[167],"product_tag":[],"item":[722],"acf":[],"_links":{"self":[{"href":"https:\/\/mgvpublications.com\/de\/wp-json\/wp\/v2\/product\/7429"}],"collection":[{"href":"https:\/\/mgvpublications.com\/de\/wp-json\/wp\/v2\/product"}],"about":[{"href":"https:\/\/mgvpublications.com\/de\/wp-json\/wp\/v2\/types\/product"}],"wp:featuredmedia":[{"embeddable":true,"href":"https:\/\/mgvpublications.com\/de\/wp-json\/wp\/v2\/media\/7430"}],"wp:attachment":[{"href":"https:\/\/mgvpublications.com\/de\/wp-json\/wp\/v2\/media?parent=7429"}],"wp:term":[{"taxonomy":"product_cat","embeddable":true,"href":"https:\/\/mgvpublications.com\/de\/wp-json\/wp\/v2\/product_cat?post=7429"},{"taxonomy":"product_tag","embeddable":true,"href":"https:\/\/mgvpublications.com\/de\/wp-json\/wp\/v2\/product_tag?post=7429"},{"taxonomy":"item","embeddable":true,"href":"https:\/\/mgvpublications.com\/de\/wp-json\/wp\/v2\/item?post=7429"}],"curies":[{"name":"wp","href":"https:\/\/api.w.org\/{rel}","templated":true}]}}