{"id":7423,"date":"2019-07-01T23:36:35","date_gmt":"2019-07-01T21:36:35","guid":{"rendered":"https:\/\/dev2.mgvpublications.com\/produkt\/islam-toplumunun-ekonomik-struektuerue\/"},"modified":"2022-03-08T22:30:36","modified_gmt":"2022-03-08T21:30:36","slug":"islam-toplumunun-ekonomik-struektuerue","status":"publish","type":"product","link":"https:\/\/mgvpublications.com\/de\/islam-toplumunun-ekonomik-struektuerue\/","title":{"rendered":"\u0130slam Toplumunun Ekonomik Str\u00fckt\u00fcr\u00fc"},"content":{"rendered":"<p>Yay\u0131n Tarihi 2012-03-01<br \/>\nISBN 9123488001<br \/>\nBask\u0131 Say\u0131s\u0131 12. Bask\u0131<br \/>\nDil T\u00dcRK\u00c7E<br \/>\nSayfa Say\u0131s\u0131 60<br \/>\nCilt Tipi Karton Kapak<br \/>\nKa\u011f\u0131t Cinsi Kitap Ka\u011f\u0131d\u0131<br \/>\nBoyut 13 x 19.5 cm<\/p>","protected":false},"excerpt":{"rendered":"<p>Yay\u0131n Tarihi 2012-03-01 ISBN 9123488001 Bask\u0131 Say\u0131s\u0131 12. Bask\u0131 Dil T\u00dcRK\u00c7E Sayfa Say\u0131s\u0131 60 Cilt Tipi Karton Kapak Ka\u011f\u0131t Cinsi Kitap Ka\u011f\u0131d\u0131 Boyut 13 x 19.5 cm<\/p>","protected":false},"featured_media":7424,"template":"","meta":{"spay_email":""},"product_cat":[168],"product_tag":[],"item":[705],"acf":[],"_links":{"self":[{"href":"https:\/\/mgvpublications.com\/de\/wp-json\/wp\/v2\/product\/7423"}],"collection":[{"href":"https:\/\/mgvpublications.com\/de\/wp-json\/wp\/v2\/product"}],"about":[{"href":"https:\/\/mgvpublications.com\/de\/wp-json\/wp\/v2\/types\/product"}],"wp:featuredmedia":[{"embeddable":true,"href":"https:\/\/mgvpublications.com\/de\/wp-json\/wp\/v2\/media\/7424"}],"wp:attachment":[{"href":"https:\/\/mgvpublications.com\/de\/wp-json\/wp\/v2\/media?parent=7423"}],"wp:term":[{"taxonomy":"product_cat","embeddable":true,"href":"https:\/\/mgvpublications.com\/de\/wp-json\/wp\/v2\/product_cat?post=7423"},{"taxonomy":"product_tag","embeddable":true,"href":"https:\/\/mgvpublications.com\/de\/wp-json\/wp\/v2\/product_tag?post=7423"},{"taxonomy":"item","embeddable":true,"href":"https:\/\/mgvpublications.com\/de\/wp-json\/wp\/v2\/item?post=7423"}],"curies":[{"name":"wp","href":"https:\/\/api.w.org\/{rel}","templated":true}]}}