{"id":7421,"date":"2020-12-02T15:38:12","date_gmt":"2020-12-02T14:38:12","guid":{"rendered":"https:\/\/dev2.mgvpublications.com\/produkt\/cesur-yeni-duenya\/"},"modified":"2022-03-08T22:30:34","modified_gmt":"2022-03-08T21:30:34","slug":"cesur-yeni-duenya","status":"publish","type":"product","link":"https:\/\/mgvpublications.com\/de\/cesur-yeni-duenya\/","title":{"rendered":"Cesur Yeni D\u00fcnya"},"content":{"rendered":"<p>\u00c7evirmen: \u00dcmit Tosun<br \/>Yay\u0131n Tarihi: 20.08.2021<br \/>ISBN: 9789756902165<br \/>Dil: T\u00dcRK\u00c7E<br \/>Sayfa Say\u0131s\u0131: 272<br \/>Cilt Tipi: Karton Kapak<br \/>Ka\u011f\u0131t Cinsi: Kitap Ka\u011f\u0131d\u0131<br \/>Boyut: 11 x 18 cm<\/p>","protected":false},"excerpt":{"rendered":"<p>Cesur yeni D\u00fcnya bizi &#8216;Ford&#8217;dan sonra 632 y\u0131l\u0131na&#8217; g\u00f6t\u00fcr\u00fcr. Bu d\u00fcnyan\u0131n cesur insanlar\u0131 kap\u0131s\u0131nda &#8220;Cemaat, \u00d6zde\u015flik, \u0130stikrar&#8221; yazan Londra Merkez kulu\u00e7ka ve \u015eartland\u0131rma Merkezi&#8217;nde \u00fcretilirler. Kad\u0131nlar\u0131n d\u00f6llenmesi yasak ve ay\u0131p oldu\u011fu i\u00e7in, &#8216;annelik&#8217; ve &#8216;babal\u0131k&#8217; pornografik birer kavram olarak g\u00f6r\u00fcl\u00fcr. Toplumsal istikrar\u0131n temel g\u00fcvencesi olan \u015fartland\u0131rma hipnopedya uykuda e\u011fitim ile sa\u011flan\u0131r. Hipnopedya seyesinde herkes mutludur; herkes \u00e7al\u0131\u015f\u0131r ve herkes e\u011flenir. &#8220;Herkes herkes i\u00e7indir.&#8221;<\/p>","protected":false},"featured_media":20677,"template":"","meta":{"spay_email":""},"product_cat":[168],"product_tag":[],"item":[476],"acf":[],"_links":{"self":[{"href":"https:\/\/mgvpublications.com\/de\/wp-json\/wp\/v2\/product\/7421"}],"collection":[{"href":"https:\/\/mgvpublications.com\/de\/wp-json\/wp\/v2\/product"}],"about":[{"href":"https:\/\/mgvpublications.com\/de\/wp-json\/wp\/v2\/types\/product"}],"wp:featuredmedia":[{"embeddable":true,"href":"https:\/\/mgvpublications.com\/de\/wp-json\/wp\/v2\/media\/20677"}],"wp:attachment":[{"href":"https:\/\/mgvpublications.com\/de\/wp-json\/wp\/v2\/media?parent=7421"}],"wp:term":[{"taxonomy":"product_cat","embeddable":true,"href":"https:\/\/mgvpublications.com\/de\/wp-json\/wp\/v2\/product_cat?post=7421"},{"taxonomy":"product_tag","embeddable":true,"href":"https:\/\/mgvpublications.com\/de\/wp-json\/wp\/v2\/product_tag?post=7421"},{"taxonomy":"item","embeddable":true,"href":"https:\/\/mgvpublications.com\/de\/wp-json\/wp\/v2\/item?post=7421"}],"curies":[{"name":"wp","href":"https:\/\/api.w.org\/{rel}","templated":true}]}}