{"id":7419,"date":"2020-12-02T15:38:11","date_gmt":"2020-12-02T14:38:11","guid":{"rendered":"https:\/\/dev2.mgvpublications.com\/produkt\/monna-rosa-siirler-i\/"},"modified":"2022-03-08T22:30:34","modified_gmt":"2022-03-08T21:30:34","slug":"monna-rosa-siirler-i","status":"publish","type":"product","link":"https:\/\/mgvpublications.com\/de\/monna-rosa-siirler-i\/","title":{"rendered":"Monna Rosa \u015eiirler &#8211; I"},"content":{"rendered":"<p>Yay\u0131n Tarihi: 01.07.2013<br \/>ISBN: 9789123475315<br \/>Dil: T\u00dcRK\u00c7E<br \/>Sayfa Say\u0131s\u0131: 48<br \/>Cilt Tipi: Karton Kapak<br \/>Ka\u011f\u0131t Cinsi: Kitap Ka\u011f\u0131d\u0131<br \/>Boyut: 13 x 19.5 cm<\/p>","protected":false},"excerpt":{"rendered":"<p>R\u00dcZGAR U\u00e7urtmam\u0131 r\u00fczgar y\u0131rtt\u0131 dostlar\u0131m! Gelin duva\u011f\u0131ndan kopan bir r\u00fczgar Bu r\u00fczgar y\u00fcz\u00fcnden bulutlar yar\u0131m; Bu r\u00fczgar y\u00fcz\u00fcnden bana olanlar&#8230;<\/p>","protected":false},"featured_media":21437,"template":"","meta":{"spay_email":""},"product_cat":[168],"product_tag":[],"item":[705],"acf":[],"_links":{"self":[{"href":"https:\/\/mgvpublications.com\/de\/wp-json\/wp\/v2\/product\/7419"}],"collection":[{"href":"https:\/\/mgvpublications.com\/de\/wp-json\/wp\/v2\/product"}],"about":[{"href":"https:\/\/mgvpublications.com\/de\/wp-json\/wp\/v2\/types\/product"}],"wp:featuredmedia":[{"embeddable":true,"href":"https:\/\/mgvpublications.com\/de\/wp-json\/wp\/v2\/media\/21437"}],"wp:attachment":[{"href":"https:\/\/mgvpublications.com\/de\/wp-json\/wp\/v2\/media?parent=7419"}],"wp:term":[{"taxonomy":"product_cat","embeddable":true,"href":"https:\/\/mgvpublications.com\/de\/wp-json\/wp\/v2\/product_cat?post=7419"},{"taxonomy":"product_tag","embeddable":true,"href":"https:\/\/mgvpublications.com\/de\/wp-json\/wp\/v2\/product_tag?post=7419"},{"taxonomy":"item","embeddable":true,"href":"https:\/\/mgvpublications.com\/de\/wp-json\/wp\/v2\/item?post=7419"}],"curies":[{"name":"wp","href":"https:\/\/api.w.org\/{rel}","templated":true}]}}