{"id":7404,"date":"2019-06-30T12:51:00","date_gmt":"2019-06-30T10:51:00","guid":{"rendered":"https:\/\/dev2.mgvpublications.com\/produkt\/ayrilik-sevdaya-dahil\/"},"modified":"2022-03-08T22:30:34","modified_gmt":"2022-03-08T21:30:34","slug":"ayrilik-sevdaya-dahil","status":"publish","type":"product","link":"https:\/\/mgvpublications.com\/de\/ayrilik-sevdaya-dahil\/","title":{"rendered":"Ayr\u0131l\u0131k Sevdaya Dahil"},"content":{"rendered":"<p>Yay\u0131n Tarihi 2019-01-29<br \/>\nISBN 9754585070<br \/>\nBask\u0131 Say\u0131s\u0131 28. Bask\u0131<br \/>\nDil T\u00dcRK\u00c7E<br \/>\nSayfa Say\u0131s\u0131 110<br \/>\nCilt Tipi Karton Kapak<br \/>\nKa\u011f\u0131t Cinsi Kitap Ka\u011f\u0131d\u0131<br \/>\nBoyut 12.5 x 20.5 cm<\/p>","protected":false},"excerpt":{"rendered":"<p>&#8220;Epeyce kad\u0131n gizlice erkek&#8221; s\u00f6zde kad\u0131nlar, mevsimlik sevdalar\u0131n unutulmu\u015f k\u0131zlar\u0131, tasalar\u0131 gizli cam g\u00fczeli k\u0131zlar, Sansaryan Han&#8217;da sorgulananlar, kullan\u0131lm\u0131\u015f y\u00fczlerini aynalara b\u0131rakan muhbirler, derinlemesine yaln\u0131z tutuklular, ma\u011flup sarho\u015flar, parmak u\u00e7lar\u0131ndan y\u0131ld\u0131zlar damlayan adamlar&#8230;<\/p>\n<p>Attila \u0130lhan birbirinden sahici insanlar\u0131yla kent resimleri \u00e7iziyor bize. Tan\u0131yoruz o insanlar\u0131; kimi ben, kimi sen, kimi o&#8230;<br \/>\nBizler&#8230;<\/p>","protected":false},"featured_media":7405,"template":"","meta":{"spay_email":""},"product_cat":[168],"product_tag":[],"item":[336],"acf":[],"_links":{"self":[{"href":"https:\/\/mgvpublications.com\/de\/wp-json\/wp\/v2\/product\/7404"}],"collection":[{"href":"https:\/\/mgvpublications.com\/de\/wp-json\/wp\/v2\/product"}],"about":[{"href":"https:\/\/mgvpublications.com\/de\/wp-json\/wp\/v2\/types\/product"}],"wp:featuredmedia":[{"embeddable":true,"href":"https:\/\/mgvpublications.com\/de\/wp-json\/wp\/v2\/media\/7405"}],"wp:attachment":[{"href":"https:\/\/mgvpublications.com\/de\/wp-json\/wp\/v2\/media?parent=7404"}],"wp:term":[{"taxonomy":"product_cat","embeddable":true,"href":"https:\/\/mgvpublications.com\/de\/wp-json\/wp\/v2\/product_cat?post=7404"},{"taxonomy":"product_tag","embeddable":true,"href":"https:\/\/mgvpublications.com\/de\/wp-json\/wp\/v2\/product_tag?post=7404"},{"taxonomy":"item","embeddable":true,"href":"https:\/\/mgvpublications.com\/de\/wp-json\/wp\/v2\/item?post=7404"}],"curies":[{"name":"wp","href":"https:\/\/api.w.org\/{rel}","templated":true}]}}