{"id":7398,"date":"2019-06-30T12:25:25","date_gmt":"2019-06-30T10:25:25","guid":{"rendered":"https:\/\/dev2.mgvpublications.com\/produkt\/semerkant\/"},"modified":"2022-03-08T22:30:34","modified_gmt":"2022-03-08T21:30:34","slug":"semerkant","status":"publish","type":"product","link":"https:\/\/mgvpublications.com\/de\/semerkant\/","title":{"rendered":"Semerkant"},"content":{"rendered":"<p>\u00c7evirmen: Ali Berktay<br \/>Yay\u0131n Tarihi: 23.09.2021<br \/>ISBN: 9789750810039<br \/>Dil: T\u00dcRK\u00c7E<br \/>Sayfa Say\u0131s\u0131: 318<br \/>Cilt Tipi: Karton Kapak<br \/>Ka\u011f\u0131t Cinsi: Kitap Ka\u011f\u0131d\u0131<br \/>Boyut: 13.5 x 21 cm<\/p>","protected":false},"excerpt":{"rendered":"<p>&#8220;Titanic&#8217;te Rubaiyat! Do\u011fu&#8217;nun \u00e7i\u00e7e\u011fi Bat\u0131&#8217;n\u0131n \u00c7i\u00e7ekli\u011finde! Ey Hayyam! Ya\u015fad\u0131\u011f\u0131m\u0131z \u015fu g\u00fczel an\u0131 g\u00f6rebilseydim!&#8221; Amin Maalouf, &#8220;Afrikal\u0131 Leo&#8221;dan (YKY, 1993) sonra bu kez Do\u011fu&#8217;ya, \u0130ran&#8217;a bak\u0131yor. \u00d6mer Hayyam&#8217;\u0131n Rubaiyat&#8217;\u0131n\u0131n \u00e7evresinde d\u00f6nen i\u00e7i\u00e7e iki \u00f6yk\u00fc&#8230; 1072 y\u0131l\u0131nda, Hayyam&#8217;\u0131n Semerkant&#8217;\u0131nda ba\u015flayan ve 1912&#8217;de Atlantik&#8217;te bit(mey)en bir ser\u00fcven&#8230; Bir elyazmas\u0131n\u0131n yaz\u0131l\u0131\u015f\u0131n\u0131n ve y\u00fczlerce y\u0131l sonra okunurken onun ve \u0130ran&#8217;\u0131n tarihinin de okunu\u015funun \u00f6yk\u00fcs\u00fc\/tarihi&#8230;<\/p>","protected":false},"featured_media":20698,"template":"","meta":{"spay_email":""},"product_cat":[168],"product_tag":[],"item":[448],"acf":[],"_links":{"self":[{"href":"https:\/\/mgvpublications.com\/de\/wp-json\/wp\/v2\/product\/7398"}],"collection":[{"href":"https:\/\/mgvpublications.com\/de\/wp-json\/wp\/v2\/product"}],"about":[{"href":"https:\/\/mgvpublications.com\/de\/wp-json\/wp\/v2\/types\/product"}],"wp:featuredmedia":[{"embeddable":true,"href":"https:\/\/mgvpublications.com\/de\/wp-json\/wp\/v2\/media\/20698"}],"wp:attachment":[{"href":"https:\/\/mgvpublications.com\/de\/wp-json\/wp\/v2\/media?parent=7398"}],"wp:term":[{"taxonomy":"product_cat","embeddable":true,"href":"https:\/\/mgvpublications.com\/de\/wp-json\/wp\/v2\/product_cat?post=7398"},{"taxonomy":"product_tag","embeddable":true,"href":"https:\/\/mgvpublications.com\/de\/wp-json\/wp\/v2\/product_tag?post=7398"},{"taxonomy":"item","embeddable":true,"href":"https:\/\/mgvpublications.com\/de\/wp-json\/wp\/v2\/item?post=7398"}],"curies":[{"name":"wp","href":"https:\/\/api.w.org\/{rel}","templated":true}]}}