{"id":7395,"date":"2019-06-30T12:22:00","date_gmt":"2019-06-30T10:22:00","guid":{"rendered":"https:\/\/dev2.mgvpublications.com\/produkt\/afrikali-leo\/"},"modified":"2022-03-08T22:30:33","modified_gmt":"2022-03-08T21:30:33","slug":"afrikali-leo","status":"publish","type":"product","link":"https:\/\/mgvpublications.com\/de\/afrikali-leo\/","title":{"rendered":"Afrikal\u0131 Leo"},"content":{"rendered":"<p>\u00c7evirmen: Sevim Ra\u015fa<br \/>\nYay\u0131n Tarihi 2019-01-10<br \/>\nISBN 9753631570<br \/>\nBask\u0131 Say\u0131s\u0131 56. Bask\u0131<br \/>\nDil T\u00dcRK\u00c7E<br \/>\nSayfa Say\u0131s\u0131 374<br \/>\nCilt Tipi Karton Kapak<br \/>\nKa\u011f\u0131t Cinsi Kitap Ka\u011f\u0131d\u0131<br \/>\nBoyut 13.5 x 21 cm<\/p>","protected":false},"excerpt":{"rendered":"<p>Ger\u00e7ek bir ya\u015fam \u00f6yk\u00fcs\u00fcnden \u00e7\u0131kar\u0131lm\u0131\u015f d\u00fc\u015fsel bir ya\u015fam\u00f6yk\u00fcs\u00fc: &#8220;Bir berberin s\u00fcnnet etti\u011fi, bir Papan\u0131n vaftiz etti\u011fi&#8221; Hasan \u0130bn el-Vezzan ez-Zeyyati nam\u0131di\u011fer Giovanni Leone de Medici&#8217;nin yani Afrikal\u0131 Leo&#8217;nun \u00f6zya\u015fam\u00f6yk\u00fcs\u00fc -yazm\u0131\u015f olsayd\u0131 yazaca\u011f\u0131 gibi.<\/p>","protected":false},"featured_media":7396,"template":"","meta":{"spay_email":""},"product_cat":[168],"product_tag":[],"item":[448],"acf":[],"_links":{"self":[{"href":"https:\/\/mgvpublications.com\/de\/wp-json\/wp\/v2\/product\/7395"}],"collection":[{"href":"https:\/\/mgvpublications.com\/de\/wp-json\/wp\/v2\/product"}],"about":[{"href":"https:\/\/mgvpublications.com\/de\/wp-json\/wp\/v2\/types\/product"}],"wp:featuredmedia":[{"embeddable":true,"href":"https:\/\/mgvpublications.com\/de\/wp-json\/wp\/v2\/media\/7396"}],"wp:attachment":[{"href":"https:\/\/mgvpublications.com\/de\/wp-json\/wp\/v2\/media?parent=7395"}],"wp:term":[{"taxonomy":"product_cat","embeddable":true,"href":"https:\/\/mgvpublications.com\/de\/wp-json\/wp\/v2\/product_cat?post=7395"},{"taxonomy":"product_tag","embeddable":true,"href":"https:\/\/mgvpublications.com\/de\/wp-json\/wp\/v2\/product_tag?post=7395"},{"taxonomy":"item","embeddable":true,"href":"https:\/\/mgvpublications.com\/de\/wp-json\/wp\/v2\/item?post=7395"}],"curies":[{"name":"wp","href":"https:\/\/api.w.org\/{rel}","templated":true}]}}