{"id":6386,"date":"2019-04-02T22:43:52","date_gmt":"2019-04-02T20:43:52","guid":{"rendered":"https:\/\/dev2.mgvpublications.com\/produkt\/yunus-terapi\/"},"modified":"2022-04-08T06:21:08","modified_gmt":"2022-04-08T04:21:08","slug":"yunus-terapi","status":"publish","type":"product","link":"https:\/\/mgvpublications.com\/de\/yunus-terapi\/","title":{"rendered":"Yunus Terapi"},"content":{"rendered":"<p>Yay\u0131n Tarihi: 10.08.2021<br \/>ISBN: 9786050809060<br \/>Dil: T\u00dcRK\u00c7E<br \/>Sayfa Say\u0131s\u0131: 192<br \/>Cilt Tipi: Karton Kapak<br \/>Ka\u011f\u0131t Cinsi: Kitap Ka\u011f\u0131d\u0131<br \/>Boyut: 13.5 x 21 cm<\/p>","protected":false},"excerpt":{"rendered":"<p>Ya\u015fad\u0131\u011f\u0131 d\u00f6neme bakt\u0131\u011f\u0131m\u0131zda Yunus Emre\u2019nin sadece bir dervi\u015f, bir halk \u015fairi, bir mutasavv\u0131f de\u011fil, ayn\u0131 zamanda adeta bir psikolog oldu\u011funu g\u00f6r\u00fcr\u00fcz. O yaln\u0131zca halk\u0131n sanat zevkini tatmin etti\u011fi i\u00e7in \u201cYunus\u201d olmam\u0131\u015ft\u0131r. Nefesinin bug\u00fcn h\u00e2l\u00e2 bu kadar canl\u0131 olmas\u0131nda en b\u00fcy\u00fck etken insanlar\u0131n psikolojik ihtiya\u00e7lar\u0131n\u0131 gidermesidir. Anadolu insan\u0131n\u0131n travmalar\u0131n\u0131 \u00e7\u00f6zen, toplumsal huzuru sa\u011flayan ve yeni bir k\u00fclt\u00fcr iklimi adeta bir \u201cYunus iklim ku\u015fa\u011f\u0131\u201d olu\u015fturan bu b\u00fcy\u00fck halk ozan\u0131 asl\u0131nda bug\u00fcn\u00fcn insan\u0131na \u00e7ok \u015fey s\u00f6yl\u00fcyor! Nevzat Tarhan Mesnevi Terapi\u2019den sonra Yunus Terapi ile bizlere Yunus Emre\u2019nin \u015fiirinin g\u00fcn\u00fcm\u00fcz insan\u0131n ruhsal yaralar\u0131n\u0131 nas\u0131l sarabilece\u011fini, toplum psikolojisini nas\u0131l onarabilece\u011fini ke\u015ffetmeye davet ediyor. Yunus Emre\u2019nin \u015fiirlerinden yans\u0131yan bilgeli\u011fe \u00e7ok ihtiyac\u0131m\u0131z var&#8230; A\u015fk insan\u0131 karmakar\u0131\u015f\u0131k eder; d\u00fcn, bug\u00fcn, yar\u0131n i\u00e7 i\u00e7e ge\u00e7er. Ate\u015flerde yakar. Yakar ama i\u00e7indeki cevherin de \u00e7\u0131kmas\u0131n\u0131 sa\u011flar. \u00c2\u015f\u0131k olan varl\u0131k evini terk edip yokluk evine girer. Yoklu\u011fa erdi\u011findeyse her \u015feyi terk eder, kendini suda, toprakta bulur, Yaradan\u2019\u0131n denizinde erir. A\u015fk ba\u015fta ate\u015ftir. Ate\u015f, kibir ve g\u00fcc\u00fc temsil eder. Ama bu ate\u015fte yand\u0131k\u00e7a suya, topra\u011fa d\u00f6n\u00fc\u015f\u00fcrs\u00fcn. Sabr\u0131, kanaati, al\u00e7ak g\u00f6n\u00fcll\u00fc\u011f\u00fc, edebi \u00f6\u011frenirsin. A\u015fk ilinde ahlak e\u011fitimi vard\u0131r. A\u015fktan ahlaka giden bir yoldur bu\u2026<\/p>","protected":false},"featured_media":23191,"template":"","meta":{"spay_email":""},"product_cat":[175],"product_tag":[],"item":[360],"acf":[],"_links":{"self":[{"href":"https:\/\/mgvpublications.com\/de\/wp-json\/wp\/v2\/product\/6386"}],"collection":[{"href":"https:\/\/mgvpublications.com\/de\/wp-json\/wp\/v2\/product"}],"about":[{"href":"https:\/\/mgvpublications.com\/de\/wp-json\/wp\/v2\/types\/product"}],"wp:featuredmedia":[{"embeddable":true,"href":"https:\/\/mgvpublications.com\/de\/wp-json\/wp\/v2\/media\/23191"}],"wp:attachment":[{"href":"https:\/\/mgvpublications.com\/de\/wp-json\/wp\/v2\/media?parent=6386"}],"wp:term":[{"taxonomy":"product_cat","embeddable":true,"href":"https:\/\/mgvpublications.com\/de\/wp-json\/wp\/v2\/product_cat?post=6386"},{"taxonomy":"product_tag","embeddable":true,"href":"https:\/\/mgvpublications.com\/de\/wp-json\/wp\/v2\/product_tag?post=6386"},{"taxonomy":"item","embeddable":true,"href":"https:\/\/mgvpublications.com\/de\/wp-json\/wp\/v2\/item?post=6386"}],"curies":[{"name":"wp","href":"https:\/\/api.w.org\/{rel}","templated":true}]}}