{"id":6380,"date":"2019-04-02T22:43:50","date_gmt":"2019-04-02T20:43:50","guid":{"rendered":"https:\/\/dev2.mgvpublications.com\/produkt\/yirmi-bir-bir-fetih-romani\/"},"modified":"2022-03-08T22:30:33","modified_gmt":"2022-03-08T21:30:33","slug":"yirmi-bir-bir-fetih-romani","status":"publish","type":"product","link":"https:\/\/mgvpublications.com\/de\/yirmi-bir-bir-fetih-romani\/","title":{"rendered":"Yirmi Bir, Bir Fetih Roman\u0131"},"content":{"rendered":"<p>Yay\u0131n Tarihi: 2018-04-03<br \/>\nISBN: 6052008249<br \/>\nBask\u0131 Say\u0131s\u0131: 1. Bask\u0131<br \/>\nDil: T\u00dcRK\u00c7E<br \/>\nSayfa Say\u0131s\u0131: 297<br \/>\nCilt Tipi: Karton Kapak<br \/>\nKa\u011f\u0131t Cinsi: Kitap Ka\u011f\u0131d\u0131<br \/>\nBoyut: 13.5 x 21 cm<\/p>","protected":false},"excerpt":{"rendered":"<p>&#8220;Gen\u00e7 Sultan\u2019\u0131 yak\u0131ndan tan\u0131r\u0131m. Kalbindeki surlar\u0131 parampar\u00e7a ederek i\u00e7 fethini k\u00fc\u00e7\u00fck ya\u015flarda tamamlam\u0131\u015f bir g\u00f6n\u00fcl eridir. Onu, Konstantiniye\u2019yi almak isteyecek kadar cesur yapan budur. Unutmay\u0131n ki i\u00e7 fetih insan\u0131 Rabbinden ba\u015fka herkese kar\u015f\u0131 korkusuz yapar. Ben Bizans surlar\u0131n\u0131n \u00fcst\u00fcnde dalgalanan Osmanl\u0131 sanca\u011f\u0131n\u0131 \u015fimdiden g\u00f6rebiliyorum. Kula\u011f\u0131ma Ayasofya\u2019da okunacak ezanlar\u0131n nidas\u0131 ula\u015fmaya ba\u015flad\u0131 bile.\u201d<\/p>","protected":false},"featured_media":6381,"template":"","meta":{"spay_email":""},"product_cat":[168,170],"product_tag":[],"item":[335],"acf":[],"_links":{"self":[{"href":"https:\/\/mgvpublications.com\/de\/wp-json\/wp\/v2\/product\/6380"}],"collection":[{"href":"https:\/\/mgvpublications.com\/de\/wp-json\/wp\/v2\/product"}],"about":[{"href":"https:\/\/mgvpublications.com\/de\/wp-json\/wp\/v2\/types\/product"}],"wp:featuredmedia":[{"embeddable":true,"href":"https:\/\/mgvpublications.com\/de\/wp-json\/wp\/v2\/media\/6381"}],"wp:attachment":[{"href":"https:\/\/mgvpublications.com\/de\/wp-json\/wp\/v2\/media?parent=6380"}],"wp:term":[{"taxonomy":"product_cat","embeddable":true,"href":"https:\/\/mgvpublications.com\/de\/wp-json\/wp\/v2\/product_cat?post=6380"},{"taxonomy":"product_tag","embeddable":true,"href":"https:\/\/mgvpublications.com\/de\/wp-json\/wp\/v2\/product_tag?post=6380"},{"taxonomy":"item","embeddable":true,"href":"https:\/\/mgvpublications.com\/de\/wp-json\/wp\/v2\/item?post=6380"}],"curies":[{"name":"wp","href":"https:\/\/api.w.org\/{rel}","templated":true}]}}