{"id":6378,"date":"2019-04-02T22:43:50","date_gmt":"2019-04-02T20:43:50","guid":{"rendered":"https:\/\/dev2.mgvpublications.com\/produkt\/yerli-yersiz-cuemleler\/"},"modified":"2022-03-08T22:30:31","modified_gmt":"2022-03-08T21:30:31","slug":"yerli-yersiz-cuemleler","status":"publish","type":"product","link":"https:\/\/mgvpublications.com\/de\/yerli-yersiz-cuemleler\/","title":{"rendered":"Yerli Yersiz C\u00fcmleler"},"content":{"rendered":"<p>Yay\u0131n Tarihi: 2017-10-25<br \/>\nISBN: 6050826081<br \/>\nBask\u0131 Say\u0131s\u0131: 1. Bask\u0131<br \/>\nDil: T\u00dcRK\u00c7E<br \/>\nSayfa Say\u0131s\u0131: 464<br \/>\nCilt Tipi: Karton Kapak<br \/>\nKa\u011f\u0131t Cinsi: Kitap Ka\u011f\u0131d\u0131<br \/>\nBoyut: 13.5 x 21 cm<\/p>","protected":false},"excerpt":{"rendered":"<p>Elimde ne yapaca\u011f\u0131m\u0131 bilmedi\u011fim, hi\u00e7bir kap\u0131ya uymaz anahtarlar, \u015fimdi size a\u015fka, hayata ve \u00f6l\u00fcme dair yerli yersiz c\u00fcmleler s\u00f6yleyece\u011fim.<br \/>\nBen: Yaz\u0131c\u0131. Kalbim \u00e7atlad\u0131\u011f\u0131nda tan\u0131\u011f\u0131m su k\u0131y\u0131s\u0131nda bir kavak a\u011fac\u0131yd\u0131.<br \/>\nSevda dedi\u011fin ne ki? Tarifsiz bir tan\u0131\u015f\u0131kl\u0131k duygusu. Sebepsiz bir g\u00fcl\u00fcmseme arzusu.<br \/>\nBana bir \u015fey olsa \u00f6l\u00fcrs\u00fcn zannederdim. \u00d6yle \u00e7ok \u015fey oldu ki bana.<br \/>\n\u0130ade etti\u011fi b\u00fct\u00fcn s\u00fck\u00fbnete ra\u011fmen af, a\u015fk\u0131n k\u00fclliyat\u0131 i\u00e7inde en pahal\u0131 makamd\u0131r. Bedeli bizatihi a\u015fk\u0131n kendisidir \u00e7\u00fcnk\u00fc.<br \/>\nAr\u0131nma kalpte ger\u00e7ekle\u015fen bir \u015feydir ve her kalbin anahtar\u0131 farkl\u0131 yerdedir.<br \/>\nBazen en b\u00fcy\u00fck hakikatlerin bilgisinin en b\u00fcy\u00fck g\u00fcnahlarla yan yana durdu\u011funu unutma.<br \/>\nEzel yazg\u0131s\u0131 bazen ancak ebede s\u0131\u011fabilir, \u015fu d\u00fcnya bazen onu i\u00e7ine alamayacak kadar k\u00fc\u00e7\u00fck kal\u0131r.<br \/>\nHayat sanattan daha ger\u00e7ek. Bazen bir manzaran\u0131n verdi\u011fi duyguyu koca bir kitap vermiyor. Ne kadar anlat\u0131rsam anlatay\u0131m, b\u00fct\u00fcn anlatt\u0131klar\u0131m\u0131n toplam\u0131 bile bir k\u0131\u015f ikindisinde camdan s\u00fcz\u00fclen ya\u011fmur damlas\u0131n\u0131 anlatmaya yetmiyor.<\/p>","protected":false},"featured_media":6379,"template":"","meta":{"spay_email":""},"product_cat":[168],"product_tag":[],"item":[360],"acf":[],"_links":{"self":[{"href":"https:\/\/mgvpublications.com\/de\/wp-json\/wp\/v2\/product\/6378"}],"collection":[{"href":"https:\/\/mgvpublications.com\/de\/wp-json\/wp\/v2\/product"}],"about":[{"href":"https:\/\/mgvpublications.com\/de\/wp-json\/wp\/v2\/types\/product"}],"wp:featuredmedia":[{"embeddable":true,"href":"https:\/\/mgvpublications.com\/de\/wp-json\/wp\/v2\/media\/6379"}],"wp:attachment":[{"href":"https:\/\/mgvpublications.com\/de\/wp-json\/wp\/v2\/media?parent=6378"}],"wp:term":[{"taxonomy":"product_cat","embeddable":true,"href":"https:\/\/mgvpublications.com\/de\/wp-json\/wp\/v2\/product_cat?post=6378"},{"taxonomy":"product_tag","embeddable":true,"href":"https:\/\/mgvpublications.com\/de\/wp-json\/wp\/v2\/product_tag?post=6378"},{"taxonomy":"item","embeddable":true,"href":"https:\/\/mgvpublications.com\/de\/wp-json\/wp\/v2\/item?post=6378"}],"curies":[{"name":"wp","href":"https:\/\/api.w.org\/{rel}","templated":true}]}}