{"id":6376,"date":"2019-04-02T22:43:50","date_gmt":"2019-04-02T20:43:50","guid":{"rendered":"https:\/\/dev2.mgvpublications.com\/produkt\/yeni-bir-duenya-ve-adil-duezen\/"},"modified":"2025-04-27T00:36:41","modified_gmt":"2025-04-26T22:36:41","slug":"yeni-bir-duenya-ve-adil-duezen","status":"publish","type":"product","link":"https:\/\/mgvpublications.com\/de\/yeni-bir-duenya-ve-adil-duezen\/","title":{"rendered":"Yeni Bir D\u00fcnya ve Adil D\u00fczen"},"content":{"rendered":"<p>[koo_icon name=&#8221;undefined&#8221; color=&#8221;&#8221; size=&#8221;&#8221;]Yay\u0131n Tarihi: 2019-05-14<br \/>\nISBN: 6055000684<br \/>\nBask\u0131 Say\u0131s\u0131: 4. Bask\u0131<br \/>\nDil: T\u00dcRK\u00c7E<br \/>\nSayfa Say\u0131s\u0131: 152<br \/>\nCilt Tipi: Karton Kapak<br \/>\nKa\u011f\u0131t Cinsi: Kitap Ka\u011f\u0131d\u0131<br \/>\nBoyut: 13.5 x 21 cm<\/p>","protected":false},"excerpt":{"rendered":"<p>Adil D\u00fczen temel esaslar\u0131 itibariyle as\u0131rlar boyu, h\u00e2kim oldu\u011fu devirlerin gereklerine uygun olarak tatbik edilmi\u015f bir d\u00fczendir. Kamil ve tam bir d\u00fczendir. Kuvveti \u00fcst\u00fcn tutan Bat\u0131 medeniyetinin bir dejenerasyona u\u011frayarak &#8220;kalk\u0131n\u0131yoruz, geli\u015fiyoruz\u201d ad\u0131 alt\u0131nda sonradan kurdu\u011fu Kapitalizm ve Sosyalizm ise Adil D\u00fczen\u2019i bozarak, \u00e7arp\u0131tarak meydana getirilmi\u015f haks\u0131z d\u00fczenlerdir. Bunun i\u00e7in \u015fimdi b\u00fct\u00fcn insanl\u0131\u011f\u0131n yeniden Adil D\u00fczen\u2019e d\u00f6nmesi zaman\u0131 gelmi\u015ftir.<del datetime=\"2019-06-27T14:09:34 00:00\"><\/p>","protected":false},"featured_media":6377,"template":"","meta":{"spay_email":""},"product_cat":[173],"product_tag":[],"item":[335],"acf":[],"_links":{"self":[{"href":"https:\/\/mgvpublications.com\/de\/wp-json\/wp\/v2\/product\/6376"}],"collection":[{"href":"https:\/\/mgvpublications.com\/de\/wp-json\/wp\/v2\/product"}],"about":[{"href":"https:\/\/mgvpublications.com\/de\/wp-json\/wp\/v2\/types\/product"}],"wp:featuredmedia":[{"embeddable":true,"href":"https:\/\/mgvpublications.com\/de\/wp-json\/wp\/v2\/media\/6377"}],"wp:attachment":[{"href":"https:\/\/mgvpublications.com\/de\/wp-json\/wp\/v2\/media?parent=6376"}],"wp:term":[{"taxonomy":"product_cat","embeddable":true,"href":"https:\/\/mgvpublications.com\/de\/wp-json\/wp\/v2\/product_cat?post=6376"},{"taxonomy":"product_tag","embeddable":true,"href":"https:\/\/mgvpublications.com\/de\/wp-json\/wp\/v2\/product_tag?post=6376"},{"taxonomy":"item","embeddable":true,"href":"https:\/\/mgvpublications.com\/de\/wp-json\/wp\/v2\/item?post=6376"}],"curies":[{"name":"wp","href":"https:\/\/api.w.org\/{rel}","templated":true}]}}