{"id":6374,"date":"2019-04-02T22:43:50","date_gmt":"2019-04-02T20:43:50","guid":{"rendered":"https:\/\/dev2.mgvpublications.com\/produkt\/yedi-guezel-kadin\/"},"modified":"2022-09-09T19:21:04","modified_gmt":"2022-09-09T17:21:04","slug":"yedi-guezel-kadin","status":"publish","type":"product","link":"https:\/\/mgvpublications.com\/de\/yedi-guezel-kadin\/","title":{"rendered":"Yedi G\u00fczel Kad\u0131n"},"content":{"rendered":"<p>Yay\u0131n Tarihi: 2019-05-13<br \/>\nISBN: 6055000844<br \/>\nBask\u0131 Say\u0131s\u0131: 7. Bask\u0131<br \/>\nDil: T\u00dcRK\u00c7E<br \/>\nSayfa Say\u0131s\u0131: 117<br \/>\nCilt Tipi: Karton Kapak<br \/>\nKa\u011f\u0131t Cinsi: Kitap Ka\u011f\u0131d\u0131<br \/>\nBoyut: 13.5 x 19.5 cm<\/p>","protected":false},"excerpt":{"rendered":"<p>Kelebek kanad\u0131ndan hayatlar bilirim; Narin ve naif&#8230; Y\u00fczy\u0131lda bir gelir gibi; Beklenen ve de\u011ferli&#8230; Ve de\u011fdi ak\u0131p giden zamana&#8230; Bu k\u0131\u015f, y\u00fcrekleriniz \u00fc\u015f\u00fcmeyecek&#8230; \u00c7\u00fcnk\u00fc; ilmek ilmek dokuduk&#8230; Bazen d\u00fc\u011f\u00fcm oldu \u00e7\u00f6zd\u00fck ve yeniden ba\u015flad\u0131k&#8230; Ve \u015f\u00fck\u00fcr ki bitti&#8230; Laf aram\u0131zda; Bu elbise herkesin \u00fczerine \u00e7ok yak\u0131\u015facak&#8230; Abdulaziz Y\u0131lmaz&#8217;\u0131n \u00f6nc\u00fcl\u00fc\u011f\u00fcnde g\u00fczel bir ekiple \u00f6zenle haz\u0131rlanan Yedi G\u00fczel Kad\u0131n okurlar\u0131n\u0131 bekliyor.<\/p>","protected":false},"featured_media":6375,"template":"","meta":{"spay_email":""},"product_cat":[171,175],"product_tag":[],"item":[335],"acf":[],"_links":{"self":[{"href":"https:\/\/mgvpublications.com\/de\/wp-json\/wp\/v2\/product\/6374"}],"collection":[{"href":"https:\/\/mgvpublications.com\/de\/wp-json\/wp\/v2\/product"}],"about":[{"href":"https:\/\/mgvpublications.com\/de\/wp-json\/wp\/v2\/types\/product"}],"wp:featuredmedia":[{"embeddable":true,"href":"https:\/\/mgvpublications.com\/de\/wp-json\/wp\/v2\/media\/6375"}],"wp:attachment":[{"href":"https:\/\/mgvpublications.com\/de\/wp-json\/wp\/v2\/media?parent=6374"}],"wp:term":[{"taxonomy":"product_cat","embeddable":true,"href":"https:\/\/mgvpublications.com\/de\/wp-json\/wp\/v2\/product_cat?post=6374"},{"taxonomy":"product_tag","embeddable":true,"href":"https:\/\/mgvpublications.com\/de\/wp-json\/wp\/v2\/product_tag?post=6374"},{"taxonomy":"item","embeddable":true,"href":"https:\/\/mgvpublications.com\/de\/wp-json\/wp\/v2\/item?post=6374"}],"curies":[{"name":"wp","href":"https:\/\/api.w.org\/{rel}","templated":true}]}}