{"id":6368,"date":"2019-04-02T22:43:49","date_gmt":"2019-04-02T20:43:49","guid":{"rendered":"https:\/\/dev2.mgvpublications.com\/produkt\/vazgecmenin-bilge-soytarisi\/"},"modified":"2022-04-07T11:56:25","modified_gmt":"2022-04-07T09:56:25","slug":"vazgecmenin-bilge-soytarisi","status":"publish","type":"product","link":"https:\/\/mgvpublications.com\/de\/vazgecmenin-bilge-soytarisi\/","title":{"rendered":"Vazge\u00e7menin Bilge Soytar\u0131s\u0131"},"content":{"rendered":"<p>Yay\u0131n Tarihi: 2018-03-14<br \/>\nISBN: 6052008188<br \/>\nBask\u0131 Say\u0131s\u0131: 1. Bask\u0131<br \/>\nDil: T\u00dcRK\u00c7E<br \/>\nSayfa Say\u0131s\u0131: 135<br \/>\nCilt Tipi: Karton Kapak<br \/>\nKa\u011f\u0131t Cinsi: Kitap Ka\u011f\u0131d\u0131<br \/>\nBoyut: 13.5 x 21 cm<\/p>","protected":false},"excerpt":{"rendered":"<p>Bin y\u0131llard\u0131r de\u011fi\u015fmeyen bir \u00f6yk\u00fcd\u00fcr bu\u2026 h\u00fck\u00fcmdar\u0131n etraf\u0131ndaki vezirler, kellelerini kaybetme korkusuyla h\u00fck\u00fcmdar\u0131n yanl\u0131\u015flar\u0131n\u0131 ve kendi do\u011frular\u0131n\u0131 konu\u015famazlarken, sadece h\u00fck\u00fcmdar\u0131n soytar\u0131lar\u0131, kendilerini \u00f6l\u00fcm\u00fcn k\u0131y\u0131s\u0131na g\u00f6t\u00fcrecek kadar pervas\u0131zca, h\u00fck\u00fcmdarla ve onun yapt\u0131klar\u0131yla alay eder ve diledikleri gibi konu\u015furlard\u0131&#8230; belki de o soytar\u0131lar, hayatlar\u0131ndan \u00e7oktan vazge\u00e7mi\u015f bilgelerdi\u2026 ve \u015fimdi, sen ver karar\u0131n\u0131\u2026 do\u011fru bildiklerini, hi\u00e7 korkmadan ve kaybedeceklerine hi\u00e7 ald\u0131rmadan konu\u015fan bir bilge soytar\u0131 m\u0131, yoksa, korkular\u0131n\u0131n esiri olan, elindekileri yitirmemek ad\u0131na benli\u011fini yitiren ve hep ba\u015fkalar\u0131n\u0131n s\u00f6zleriyle konu\u015fan, k\u00f6pekle\u015fmi\u015f bir vezir mi olmak se\u00e7imin..<\/p>","protected":false},"featured_media":6369,"template":"","meta":{"spay_email":""},"product_cat":[168],"product_tag":[],"item":[335],"acf":[],"_links":{"self":[{"href":"https:\/\/mgvpublications.com\/de\/wp-json\/wp\/v2\/product\/6368"}],"collection":[{"href":"https:\/\/mgvpublications.com\/de\/wp-json\/wp\/v2\/product"}],"about":[{"href":"https:\/\/mgvpublications.com\/de\/wp-json\/wp\/v2\/types\/product"}],"wp:featuredmedia":[{"embeddable":true,"href":"https:\/\/mgvpublications.com\/de\/wp-json\/wp\/v2\/media\/6369"}],"wp:attachment":[{"href":"https:\/\/mgvpublications.com\/de\/wp-json\/wp\/v2\/media?parent=6368"}],"wp:term":[{"taxonomy":"product_cat","embeddable":true,"href":"https:\/\/mgvpublications.com\/de\/wp-json\/wp\/v2\/product_cat?post=6368"},{"taxonomy":"product_tag","embeddable":true,"href":"https:\/\/mgvpublications.com\/de\/wp-json\/wp\/v2\/product_tag?post=6368"},{"taxonomy":"item","embeddable":true,"href":"https:\/\/mgvpublications.com\/de\/wp-json\/wp\/v2\/item?post=6368"}],"curies":[{"name":"wp","href":"https:\/\/api.w.org\/{rel}","templated":true}]}}