{"id":6364,"date":"2020-12-02T15:37:56","date_gmt":"2020-12-02T14:37:56","guid":{"rendered":"https:\/\/dev2.mgvpublications.com\/produkt\/umrandan-uygarliga\/"},"modified":"2022-03-08T22:30:30","modified_gmt":"2022-03-08T21:30:30","slug":"umrandan-uygarliga","status":"publish","type":"product","link":"https:\/\/mgvpublications.com\/de\/umrandan-uygarliga\/","title":{"rendered":"Umrandan Uygarl\u0131\u011fa"},"content":{"rendered":"<p>Yay\u0131n Tarihi: 01.08.2015<br \/>ISBN: 9789754705805<br \/>Bask\u0131 Say\u0131s\u0131: Mahmut Ali Meri\u00e7<br \/>Dil: T\u00dcRK\u00c7E<br \/>Sayfa Say\u0131s\u0131: 349<br \/>Cilt Tipi: Karton Kapak<br \/>Ka\u011f\u0131t Cinsi: 3. Hm. Ka\u011f\u0131t<br \/>Boyut: 13 x 19 cm<br \/>Derleyici: Mahmut Ali Meri\u00e7<\/p>","protected":false},"excerpt":{"rendered":"<p>Cemil Meri\u00e7&#8217;in 21. y\u00fczy\u0131la ta\u015f\u0131yaca\u011f\u0131 anla\u015f\u0131lan bat\u0131l\u0131la\u015fma \u00e7a\u011fda\u015fla\u015fma uygarl\u0131k tart\u0131\u015fmalar\u0131na \u00e7ok y\u0131llar \u00f6ncesinden katk\u0131 sa\u011flayan ufuk a\u00e7an denemeleri, makaleleri iki yol var insanl\u0131k i\u00e7in kendi kendini imha veya ger\u00e7ekten insanla\u015fmak insanl\u0131k tek merkeze y\u00f6nelen bir t\u00fcr \u00f6teki t\u00fcrler gibi da\u011f\u0131l\u0131c\u0131 de\u011fil. Bu biricik d\u00fc\u015f\u00fcnen t\u00fcr\u00fcn sonu, \u00e7\u00f6z\u00fclm\u00fc\u015f olamaz. Mekan ve zaman\u0131 a\u015facak insan.<\/p>","protected":false},"featured_media":21450,"template":"","meta":{"spay_email":""},"product_cat":[1588],"product_tag":[],"item":[365],"acf":[],"_links":{"self":[{"href":"https:\/\/mgvpublications.com\/de\/wp-json\/wp\/v2\/product\/6364"}],"collection":[{"href":"https:\/\/mgvpublications.com\/de\/wp-json\/wp\/v2\/product"}],"about":[{"href":"https:\/\/mgvpublications.com\/de\/wp-json\/wp\/v2\/types\/product"}],"wp:featuredmedia":[{"embeddable":true,"href":"https:\/\/mgvpublications.com\/de\/wp-json\/wp\/v2\/media\/21450"}],"wp:attachment":[{"href":"https:\/\/mgvpublications.com\/de\/wp-json\/wp\/v2\/media?parent=6364"}],"wp:term":[{"taxonomy":"product_cat","embeddable":true,"href":"https:\/\/mgvpublications.com\/de\/wp-json\/wp\/v2\/product_cat?post=6364"},{"taxonomy":"product_tag","embeddable":true,"href":"https:\/\/mgvpublications.com\/de\/wp-json\/wp\/v2\/product_tag?post=6364"},{"taxonomy":"item","embeddable":true,"href":"https:\/\/mgvpublications.com\/de\/wp-json\/wp\/v2\/item?post=6364"}],"curies":[{"name":"wp","href":"https:\/\/api.w.org\/{rel}","templated":true}]}}