{"id":6357,"date":"2019-04-02T22:43:48","date_gmt":"2019-04-02T20:43:48","guid":{"rendered":"https:\/\/dev2.mgvpublications.com\/produkt\/terapi-kueltuerel-bir-elestiri\/"},"modified":"2022-03-08T22:30:30","modified_gmt":"2022-03-08T21:30:30","slug":"terapi-kueltuerel-bir-elestiri","status":"publish","type":"product","link":"https:\/\/mgvpublications.com\/de\/terapi-kueltuerel-bir-elestiri\/","title":{"rendered":"Terapi K\u00fclt\u00fcrel Bir Ele\u015ftiri"},"content":{"rendered":"<p>Yay\u0131n Tarihi: 2017-06-01<br \/>\nISBN: 6051143958<br \/>\nBask\u0131 Say\u0131s\u0131: 6. Bask\u0131<br \/>\nDil: T\u00dcRK\u00c7E<br \/>\nSayfa Say\u0131s\u0131: 352<br \/>\nCilt Tipi: Karton Kapak<br \/>\nKa\u011f\u0131t Cinsi: Kitap Ka\u011f\u0131d\u0131<br \/>\nBoyut: 13.5 x 21 cm<\/p>","protected":false},"excerpt":{"rendered":"<p>K\u00fclt\u00fcrel Bir Ele\u015ftiri, psikoterapinin kendi i\u00e7inden y\u00fckselen bir ses, bir ele\u015ftiri. Bireyi iyile\u015ftirmeye \u00e7al\u0131\u015f\u0131rken, kendi i\u00e7indeki a\u00e7mazlara bakmay\u0131 ba\u015faramayan terapi y\u00f6ntemlerine i\u00e7eriden bir bak\u0131\u015f. Prof. Dr. Kemal Sayar, insan\u0131n \u201ckendisini tavaf eden hac\u0131\u201d oldu\u011fu bir zamanda, mesleki birikimini bir ayna misali psikoterapi kuramlar\u0131n\u0131n \u00fczerine tutuyor. \u0130nsan\u0131n ili\u015fki arayan bir varl\u0131k oldu\u011funu s\u00f6yleyerek, psikoterapi kuramlar\u0131ndaki esasl\u0131 paradigma de\u011fi\u015fimine dikkatimizi \u00e7ekiyor. G\u00fcndelik hayat\u0131 ve politikay\u0131 terapi odas\u0131n\u0131n d\u0131\u015f\u0131nda b\u0131rakmayan, k\u00fclt\u00fcrel ve sosyal ba\u011flama dikkat kesilen, \u00f6tekinin y\u00fcz\u00fcn\u00fc bir \u00e7a\u011fr\u0131 olarak \u00f6nemseyen, \u015fiirsel ilhamlara a\u00e7\u0131k bir psikoterapi \u00f6neriyor. \u2018\u00c7a\u011f\u0131n terapi odas\u0131\u2019nda kafas\u0131 kar\u0131\u015fm\u0131\u015f herkes i\u00e7in, yeni sorular sorduracak, insan\u0131 farkl\u0131 ve derinlikli bir bak\u0131\u015f a\u00e7\u0131s\u0131yla kavramam\u0131z\u0131 sa\u011flayacak bir kitap. \u015eifa niyetine.<\/p>","protected":false},"featured_media":6358,"template":"","meta":{"spay_email":""},"product_cat":[171,175],"product_tag":[],"item":[360],"acf":[],"_links":{"self":[{"href":"https:\/\/mgvpublications.com\/de\/wp-json\/wp\/v2\/product\/6357"}],"collection":[{"href":"https:\/\/mgvpublications.com\/de\/wp-json\/wp\/v2\/product"}],"about":[{"href":"https:\/\/mgvpublications.com\/de\/wp-json\/wp\/v2\/types\/product"}],"wp:featuredmedia":[{"embeddable":true,"href":"https:\/\/mgvpublications.com\/de\/wp-json\/wp\/v2\/media\/6358"}],"wp:attachment":[{"href":"https:\/\/mgvpublications.com\/de\/wp-json\/wp\/v2\/media?parent=6357"}],"wp:term":[{"taxonomy":"product_cat","embeddable":true,"href":"https:\/\/mgvpublications.com\/de\/wp-json\/wp\/v2\/product_cat?post=6357"},{"taxonomy":"product_tag","embeddable":true,"href":"https:\/\/mgvpublications.com\/de\/wp-json\/wp\/v2\/product_tag?post=6357"},{"taxonomy":"item","embeddable":true,"href":"https:\/\/mgvpublications.com\/de\/wp-json\/wp\/v2\/item?post=6357"}],"curies":[{"name":"wp","href":"https:\/\/api.w.org\/{rel}","templated":true}]}}