{"id":6355,"date":"2019-04-02T22:43:47","date_gmt":"2019-04-02T20:43:47","guid":{"rendered":"https:\/\/dev2.mgvpublications.com\/produkt\/tecvidli-pratik-elifba\/"},"modified":"2022-04-10T14:47:59","modified_gmt":"2022-04-10T12:47:59","slug":"tecvidli-pratik-elifba","status":"publish","type":"product","link":"https:\/\/mgvpublications.com\/de\/tecvidli-pratik-elifba\/","title":{"rendered":"Tecvidli Pratik Elifba"},"content":{"rendered":"<p>80 gr. 1. Hamur Ka\u011f\u0131t<\/p>\n<p>Tamam\u0131 Renkli<\/p>\n<p>80 sayfa<\/p>\n<p>Amerikan Cilt<\/p>","protected":false},"excerpt":{"rendered":"<p>Adem Kablan<br \/>\nRes\u00fblullah sallallahu aleyhi ve sellem \u015f\u00f6yle buyurdu: &#8220;Kim Kur\u2019an\u2019\u0131 okur ve onunla amel ederse, k\u0131yamet g\u00fcn\u00fc onun anne ve babas\u0131na \u00f6yle  bir ta\u00e7 giydirilir ki, onun ayd\u0131nl\u0131\u011f\u0131 d\u00fcnyada evlere vuran g\u00fcne\u015f \u0131\u015f\u0131\u011f\u0131ndan daha parlakt\u0131r.\u201d (Eb\u00fb Davud, Sal\u00e2t, 349)<\/p>","protected":false},"featured_media":6356,"template":"","meta":{"spay_email":""},"product_cat":[174],"product_tag":[],"item":[335],"acf":[],"_links":{"self":[{"href":"https:\/\/mgvpublications.com\/de\/wp-json\/wp\/v2\/product\/6355"}],"collection":[{"href":"https:\/\/mgvpublications.com\/de\/wp-json\/wp\/v2\/product"}],"about":[{"href":"https:\/\/mgvpublications.com\/de\/wp-json\/wp\/v2\/types\/product"}],"wp:featuredmedia":[{"embeddable":true,"href":"https:\/\/mgvpublications.com\/de\/wp-json\/wp\/v2\/media\/6356"}],"wp:attachment":[{"href":"https:\/\/mgvpublications.com\/de\/wp-json\/wp\/v2\/media?parent=6355"}],"wp:term":[{"taxonomy":"product_cat","embeddable":true,"href":"https:\/\/mgvpublications.com\/de\/wp-json\/wp\/v2\/product_cat?post=6355"},{"taxonomy":"product_tag","embeddable":true,"href":"https:\/\/mgvpublications.com\/de\/wp-json\/wp\/v2\/product_tag?post=6355"},{"taxonomy":"item","embeddable":true,"href":"https:\/\/mgvpublications.com\/de\/wp-json\/wp\/v2\/item?post=6355"}],"curies":[{"name":"wp","href":"https:\/\/api.w.org\/{rel}","templated":true}]}}