{"id":6349,"date":"2019-04-02T22:43:46","date_gmt":"2019-04-02T20:43:46","guid":{"rendered":"https:\/\/dev2.mgvpublications.com\/produkt\/suennet-savunmasi\/"},"modified":"2022-04-07T14:19:09","modified_gmt":"2022-04-07T12:19:09","slug":"suennet-savunmasi","status":"publish","type":"product","link":"https:\/\/mgvpublications.com\/de\/suennet-savunmasi\/","title":{"rendered":"S\u00fcnnet Savunmas\u0131"},"content":{"rendered":"<p>Yay\u0131n Tarihi 2017-03-21<br \/>\nISBN 6055000813<br \/>\nBask\u0131 Say\u0131s\u0131 2. Bask\u0131<br \/>\nDil T\u00dcRK\u00c7E<br \/>\nSayfa Say\u0131s\u0131 67<br \/>\nCilt Tipi Karton Kapak<br \/>\nKa\u011f\u0131t Cinsi Kitap Ka\u011f\u0131d\u0131<\/p>","protected":false},"excerpt":{"rendered":"<p>S\u00fcnnetin korunmas\u0131 bana d\u00fc\u015fmez. Ras\u00fcl\u00fc (sas)&#8217;n\u00fc insanlara kar\u015f\u0131 koruyan Allah (c.c.) Ras\u00fcl\u00fcn&#8217;\u00fcn s\u00fcnnetinide bug\u00fcne kadar korumu\u015f, k\u0131yamete kadarda koruyacakt\u0131r.<br \/>\nTarihte binlercesi kokar a\u011f\u0131zlar\u0131yla Kur&#8217;an ve s\u00fcnneti s\u00f6nd\u00fcrmek i\u00e7in \u00fcflemi\u015fler ama Kur&#8217;an&#8217;\u0131 indiren, Ras\u00fcl\u00fc&#8217;n\u00fc g\u00f6nderen Allah (c.c.) oldu\u011fundan s\u00f6nd\u00fcrememi\u015fler ve 1400 y\u0131l sonra bize kadar getirmi\u015fler.<br \/>\nTarihte binlerce insan uydurma hadisler katmaya \u00e7al\u0131\u015fm\u0131\u015flar ancak s\u00fcnnet denizi o uydurma s\u00f6zleri bir le\u015f gibi onu d\u0131\u015f\u0131na atm\u0131\u015f ve hadis denizinin dalgalar\u0131 sonradan at\u0131lan zehirli maddeleri temizlemi\u015fler.<\/p>","protected":false},"featured_media":6350,"template":"","meta":{"spay_email":""},"product_cat":[174],"product_tag":[],"item":[335],"acf":[],"_links":{"self":[{"href":"https:\/\/mgvpublications.com\/de\/wp-json\/wp\/v2\/product\/6349"}],"collection":[{"href":"https:\/\/mgvpublications.com\/de\/wp-json\/wp\/v2\/product"}],"about":[{"href":"https:\/\/mgvpublications.com\/de\/wp-json\/wp\/v2\/types\/product"}],"wp:featuredmedia":[{"embeddable":true,"href":"https:\/\/mgvpublications.com\/de\/wp-json\/wp\/v2\/media\/6350"}],"wp:attachment":[{"href":"https:\/\/mgvpublications.com\/de\/wp-json\/wp\/v2\/media?parent=6349"}],"wp:term":[{"taxonomy":"product_cat","embeddable":true,"href":"https:\/\/mgvpublications.com\/de\/wp-json\/wp\/v2\/product_cat?post=6349"},{"taxonomy":"product_tag","embeddable":true,"href":"https:\/\/mgvpublications.com\/de\/wp-json\/wp\/v2\/product_tag?post=6349"},{"taxonomy":"item","embeddable":true,"href":"https:\/\/mgvpublications.com\/de\/wp-json\/wp\/v2\/item?post=6349"}],"curies":[{"name":"wp","href":"https:\/\/api.w.org\/{rel}","templated":true}]}}