{"id":6347,"date":"2019-04-02T22:43:46","date_gmt":"2019-04-02T20:43:46","guid":{"rendered":"https:\/\/dev2.mgvpublications.com\/produkt\/suennet-muedafaasi\/"},"modified":"2022-03-08T22:30:28","modified_gmt":"2022-03-08T21:30:28","slug":"suennet-muedafaasi","status":"publish","type":"product","link":"https:\/\/mgvpublications.com\/de\/suennet-muedafaasi\/","title":{"rendered":"S\u00fcnnet M\u00fcdafaas\u0131"},"content":{"rendered":"<p>\u00c7evirmen: Dr. \u0130shak Emin Aktepe<br \/>\nYay\u0131n Tarihi 2007-01-01<br \/>\nISBN 6054492015<br \/>\nBask\u0131 Say\u0131s\u0131 1. Bask\u0131<br \/>\nDil T\u00dcRK\u00c7E<br \/>\nSayfa Say\u0131s\u0131 128<br \/>\nCilt Tipi Karton Kapak<br \/>\nKa\u011f\u0131t Cinsi Kitap Ka\u011f\u0131d\u0131<br \/>\nBoyut 13.5 x 21 cm<\/p>","protected":false},"excerpt":{"rendered":"<p>Eserde, ikinci y\u00fczy\u0131l ilim hareketlerini karakteristik bir \u00f6rne\u011fi olu\u015fturularak s\u00fcnnet, hadis, haberi vahid, k\u0131yas ve icma konular\u0131nda okuyuculara adeta bir d\u00f6nemin kodlar\u0131 veriliyor. B\u00fcy\u00fck \u0130mam&#8217;\u0131n meseleye bak\u0131\u015f a\u00e7\u0131s\u0131 ve muhataplar\u0131na verdi\u011fi zeki ve bilgece cevaplar, hadis inkarc\u0131l\u0131\u011f\u0131 ve s\u00fcnnetin vahiy ile ili\u015fkisini red eden \u00e7evrelere kar\u015f\u0131 verilen bir manifesto niteli\u011findedir. Kitapta ayr\u0131c\u0131 \u0130mam \u015eafii&#8217;nin hayat\u0131n\u0131 anlatan k\u0131sa bir makale ile bu alanda daha \u00f6nce yazm\u0131\u015f oldu\u011fu ba\u015fka bir eserin konuyla ilgili b\u00f6l\u00fcm\u00fcn\u00fcn terc\u00fcmesine de yer veriliyor.<\/p>","protected":false},"featured_media":6348,"template":"","meta":{"spay_email":""},"product_cat":[174],"product_tag":[],"item":[703],"acf":[],"_links":{"self":[{"href":"https:\/\/mgvpublications.com\/de\/wp-json\/wp\/v2\/product\/6347"}],"collection":[{"href":"https:\/\/mgvpublications.com\/de\/wp-json\/wp\/v2\/product"}],"about":[{"href":"https:\/\/mgvpublications.com\/de\/wp-json\/wp\/v2\/types\/product"}],"wp:featuredmedia":[{"embeddable":true,"href":"https:\/\/mgvpublications.com\/de\/wp-json\/wp\/v2\/media\/6348"}],"wp:attachment":[{"href":"https:\/\/mgvpublications.com\/de\/wp-json\/wp\/v2\/media?parent=6347"}],"wp:term":[{"taxonomy":"product_cat","embeddable":true,"href":"https:\/\/mgvpublications.com\/de\/wp-json\/wp\/v2\/product_cat?post=6347"},{"taxonomy":"product_tag","embeddable":true,"href":"https:\/\/mgvpublications.com\/de\/wp-json\/wp\/v2\/product_tag?post=6347"},{"taxonomy":"item","embeddable":true,"href":"https:\/\/mgvpublications.com\/de\/wp-json\/wp\/v2\/item?post=6347"}],"curies":[{"name":"wp","href":"https:\/\/api.w.org\/{rel}","templated":true}]}}