{"id":6345,"date":"2019-04-02T22:43:46","date_gmt":"2019-04-02T20:43:46","guid":{"rendered":"https:\/\/dev2.mgvpublications.com\/produkt\/sufi-psikolojisi\/"},"modified":"2022-09-14T11:42:30","modified_gmt":"2022-09-14T09:42:30","slug":"sufi-psikolojisi","status":"publish","type":"product","link":"https:\/\/mgvpublications.com\/de\/sufi-psikolojisi\/","title":{"rendered":"Sufi Psikolojisi"},"content":{"rendered":"<p>Yay\u0131n Tarihi 2019-06-12<br \/>\nISBN 6055147426<br \/>\nBask\u0131 Say\u0131s\u0131 5. Bask\u0131<br \/>\nDil T\u00dcRK\u00c7E<br \/>\nSayfa Say\u0131s\u0131 313<br \/>\nCilt Tipi Karton Kapak<br \/>\nKa\u011f\u0131t Cinsi Kitap Ka\u011f\u0131d\u0131<br \/>\nBoyut 13.5 x 19.5 cm<\/p>","protected":false},"excerpt":{"rendered":"<p>Hakikat, milyonlarca y\u0131l \u00f6nce yery\u00fcz\u00fcne d\u00fc\u015fm\u00fc\u015f ve par\u00e7alara ayr\u0131lm\u0131\u015f kocaman bir elmas gibidir. Her bir par\u00e7ay\u0131 bulan, elmas\u0131n o par\u00e7adan ibaret oldu\u011funu zanneder. Oysa hakikat daha b\u00fcy\u00fckt\u00fcr, b\u00fct\u00fcndedir. Bilimlerin t\u00fcm\u00fcnde oldu\u011fu gibi psikolojide de hakikatin sadece bir k\u0131sm\u0131na h\u00e2kimiz.<br \/>\nDisiplinlerin birbirinden \u00f6\u011frenecek \u00e7ok \u015feyinin oldu\u011fu g\u00fcn\u00fcm\u00fczde, \u201cya bilim, ya maneviyat\u201d tarz\u0131 bir indirgemecilik yerine, \u201chem o, hem de o\u201d yakla\u015f\u0131m\u0131 daha do\u011fru g\u00f6r\u00fcnmekte. Ruhun bilgeli\u011fine ula\u015fmak i\u00e7in, bilgeli\u011fin ruhuna n\u00fcfuz etmemiz gerek. Unutmamal\u0131 ki \u201cHer arayan bulamaz, bulanlar sadece arayanlard\u0131r.\u201d<br \/>\n\u0130brahim b. Edhem bir g\u00fcn saray\u0131nda uyurken, geceyar\u0131s\u0131, tavandan t\u0131k\u0131rt\u0131lar geldi. Sanki birisi damda y\u00fcr\u00fcyordu.&#8217; Kim var orada?\u201d diye ba\u011f\u0131rd\u0131. &#8220;Bir dost,\u201d diye cevap geldi. \u201cBir deve kaybettim ve onu bu damda ar\u0131yorum.\u201d<br \/>\n\u201cA ahmak, damda deve mi ar\u0131yorsun?\u201d diye ba\u011f\u0131rd\u0131 \u0130brahim.&#8221;A d\u00fc\u015f\u00fcncesiz!&#8221; diye cevap verdi ses, \u201cSen Tanr\u0131 y\u0131 ipek elbiseler i\u00e7inde, alt\u0131n sedirde uyuklarken mi ar\u0131yorsun?<\/p>","protected":false},"featured_media":6346,"template":"","meta":{"spay_email":""},"product_cat":[175],"product_tag":[],"item":[360],"acf":[],"_links":{"self":[{"href":"https:\/\/mgvpublications.com\/de\/wp-json\/wp\/v2\/product\/6345"}],"collection":[{"href":"https:\/\/mgvpublications.com\/de\/wp-json\/wp\/v2\/product"}],"about":[{"href":"https:\/\/mgvpublications.com\/de\/wp-json\/wp\/v2\/types\/product"}],"wp:featuredmedia":[{"embeddable":true,"href":"https:\/\/mgvpublications.com\/de\/wp-json\/wp\/v2\/media\/6346"}],"wp:attachment":[{"href":"https:\/\/mgvpublications.com\/de\/wp-json\/wp\/v2\/media?parent=6345"}],"wp:term":[{"taxonomy":"product_cat","embeddable":true,"href":"https:\/\/mgvpublications.com\/de\/wp-json\/wp\/v2\/product_cat?post=6345"},{"taxonomy":"product_tag","embeddable":true,"href":"https:\/\/mgvpublications.com\/de\/wp-json\/wp\/v2\/product_tag?post=6345"},{"taxonomy":"item","embeddable":true,"href":"https:\/\/mgvpublications.com\/de\/wp-json\/wp\/v2\/item?post=6345"}],"curies":[{"name":"wp","href":"https:\/\/api.w.org\/{rel}","templated":true}]}}