{"id":6343,"date":"2019-04-02T22:43:46","date_gmt":"2019-04-02T20:43:46","guid":{"rendered":"https:\/\/dev2.mgvpublications.com\/produkt\/su-bogaz-harbi\/"},"modified":"2022-03-08T22:30:27","modified_gmt":"2022-03-08T21:30:27","slug":"su-bogaz-harbi","status":"publish","type":"product","link":"https:\/\/mgvpublications.com\/de\/su-bogaz-harbi\/","title":{"rendered":"\u015eu Bo\u011faz Harbi"},"content":{"rendered":"<p>Yay\u0131n Tarihi 2016-05-26<br \/>\nISBN 6055000714<br \/>\nBask\u0131 Say\u0131s\u0131 1. Bask\u0131<br \/>\nDil T\u00dcRK\u00c7E<br \/>\nSayfa Say\u0131s\u0131 487<br \/>\nCilt Tipi Karton Kapak<br \/>\nKa\u011f\u0131t Cinsi Kitap Ka\u011f\u0131d\u0131<br \/>\nBoyut 13.5 x 21 cm<\/p>","protected":false},"excerpt":{"rendered":"<p>Askerlerimiz cihad\u0131n &#8220;\u0130ttifak\u201d \u015fart\u0131 gere\u011fince, te\u015fkilatlanm\u0131\u015flar, birlikte hareket etmi\u015fler, m\u00fcnferit hareketlerden ka\u00e7\u0131nm\u0131\u015flard\u0131r. &#8220;\u0130hlas\u201d \u015fart\u0131 gere\u011fince Allah R\u0131zas\u0131n\u0131n d\u0131\u015f\u0131nda kendileri i\u00e7in bir menfaat g\u00f6zetmeden sava\u015fm\u0131\u015flard\u0131r. &#8220;\u0130ttika\u201d \u015fart\u0131 gere\u011fince sadece Allah\u2019tan sak\u0131nm\u0131\u015flar, sava\u015ft\u0131klar\u0131 insanlara kar\u015f\u0131 Allah nas\u0131l istemi\u015fse \u00f6yle davranm\u0131\u015flard\u0131r. &#8220;\u0130hsan\u201d \u015fart\u0131n\u0131 da yerine getirmi\u015flerdir. Yani her an\u0131nda Allah\u2019\u0131n kendilerini murakebe etti\u011finin bilinciyle hareket ederek, itina ile g\u00f6revlerini yapm\u0131\u015flard\u0131r. &#8220;Ahlak\u201d l\u0131 olmaya son derece \u00f6zen g\u00f6stermi\u015flerdir. &#8220;\u0130sti\u015fare\u201d ile al\u0131nm\u0131\u015f kararlar\u0131 yine emir komuta i\u00e7inde, \u00f6l\u00fcm\u00fcn kesin oldu\u011funu g\u00f6rd\u00fc\u011f\u00fc hallerde bile, emredilen g\u00f6revleri &#8220;itaat\u201d etmede kusur i\u015flememek suretiyle en iyi bir \u015fekilde yapm\u0131\u015flard\u0131r. Bu sebeple elbette Allah\u2019\u0131n yard\u0131m\u0131na da m\u00fcstehak olmu\u015flard\u0131r.<\/p>","protected":false},"featured_media":6344,"template":"","meta":{"spay_email":""},"product_cat":[170],"product_tag":[],"item":[335],"acf":[],"_links":{"self":[{"href":"https:\/\/mgvpublications.com\/de\/wp-json\/wp\/v2\/product\/6343"}],"collection":[{"href":"https:\/\/mgvpublications.com\/de\/wp-json\/wp\/v2\/product"}],"about":[{"href":"https:\/\/mgvpublications.com\/de\/wp-json\/wp\/v2\/types\/product"}],"wp:featuredmedia":[{"embeddable":true,"href":"https:\/\/mgvpublications.com\/de\/wp-json\/wp\/v2\/media\/6344"}],"wp:attachment":[{"href":"https:\/\/mgvpublications.com\/de\/wp-json\/wp\/v2\/media?parent=6343"}],"wp:term":[{"taxonomy":"product_cat","embeddable":true,"href":"https:\/\/mgvpublications.com\/de\/wp-json\/wp\/v2\/product_cat?post=6343"},{"taxonomy":"product_tag","embeddable":true,"href":"https:\/\/mgvpublications.com\/de\/wp-json\/wp\/v2\/product_tag?post=6343"},{"taxonomy":"item","embeddable":true,"href":"https:\/\/mgvpublications.com\/de\/wp-json\/wp\/v2\/item?post=6343"}],"curies":[{"name":"wp","href":"https:\/\/api.w.org\/{rel}","templated":true}]}}