{"id":6341,"date":"2019-04-02T22:43:46","date_gmt":"2019-04-02T20:43:46","guid":{"rendered":"https:\/\/dev2.mgvpublications.com\/produkt\/soytari\/"},"modified":"2022-04-05T14:30:35","modified_gmt":"2022-04-05T12:30:35","slug":"soytari","status":"publish","type":"product","link":"https:\/\/mgvpublications.com\/de\/soytari\/","title":{"rendered":"Soytar\u0131"},"content":{"rendered":"<p>\u00c7evirmen: Canan Ba\u015fo\u011flu<br \/>\nYay\u0131n Tarihi 2000-11-03<br \/>\nISBN 9756684003<br \/>\nBask\u0131 Say\u0131s\u0131 1. Bask\u0131<br \/>\nDil T\u00dcRK\u00c7E<br \/>\nSayfa Say\u0131s\u0131 184<br \/>\nCilt Tipi Karton Kapak<br \/>\nKa\u011f\u0131t Cinsi Kitap Ka\u011f\u0131d\u0131<br \/>\nBoyut 13.5 x 21 cm<\/p>","protected":false},"excerpt":{"rendered":"<p>Her zamanki gibi \u015f\u0131k giyinmi\u015fti. \u00dczerinde siyah bir redingot, ayn\u0131 renkte bir pantolon, ba\u015f\u0131nda parlak bir silindir \u015fapka, aya\u011f\u0131nda ise g\u00fczel fotinler vard\u0131. Ancak efendice giyinmi\u015f soytar\u0131lar\u0131n, sokakta \u00e7ocuk gibi hareket edebilece\u011fini d\u00fc\u015f\u00fcnd\u00fcm. Genelde bana \u00f6yle gelir ki, herkese yabanc\u0131 olan ve dil bilmeyen bu adam, ancak soytar\u0131 oldu\u011fu i\u00e7in \u015fehrin ve panay\u0131r\u0131n kalabal\u0131\u011f\u0131 i\u00e7inde kendini bu kadar serbest hissediyordu!&#8230;<br \/>\n&#8230;<br \/>\nCiddi insanlar\u0131n y\u00fcr\u00fcy\u00fc\u015flerinde k\u00f6r, mukadder bir \u015feyler var. Bunlar\u0131n hepsi de, gidip gelen \u015fu insanlar\u0131n acele etti\u011fini, kimsenin birbirine yol vermeye vakit olmad\u0131\u011f\u0131n\u0131 a\u00e7\u0131k\u00e7a g\u00f6r\u00fcyorlar. Soytar\u0131 ise sava\u015f meydan\u0131ndaki tok bir karga edas\u0131yla, kayg\u0131s\u0131zca dola\u015f\u0131yordu&#8230; Bana \u00f6yle geliyor ki, o, nezaketiyle, yolu \u00fczerindeki herkesi \u015fa\u015f\u0131rtmak ve mahvetmek istiyordu. Bu, yada onun ba\u015fka bir hali, bende ho\u015fa gitmeyen bir etki b\u0131rak\u0131yordu.<\/p>","protected":false},"featured_media":6342,"template":"","meta":{"spay_email":""},"product_cat":[166,167],"product_tag":[],"item":[738],"acf":[],"_links":{"self":[{"href":"https:\/\/mgvpublications.com\/de\/wp-json\/wp\/v2\/product\/6341"}],"collection":[{"href":"https:\/\/mgvpublications.com\/de\/wp-json\/wp\/v2\/product"}],"about":[{"href":"https:\/\/mgvpublications.com\/de\/wp-json\/wp\/v2\/types\/product"}],"wp:featuredmedia":[{"embeddable":true,"href":"https:\/\/mgvpublications.com\/de\/wp-json\/wp\/v2\/media\/6342"}],"wp:attachment":[{"href":"https:\/\/mgvpublications.com\/de\/wp-json\/wp\/v2\/media?parent=6341"}],"wp:term":[{"taxonomy":"product_cat","embeddable":true,"href":"https:\/\/mgvpublications.com\/de\/wp-json\/wp\/v2\/product_cat?post=6341"},{"taxonomy":"product_tag","embeddable":true,"href":"https:\/\/mgvpublications.com\/de\/wp-json\/wp\/v2\/product_tag?post=6341"},{"taxonomy":"item","embeddable":true,"href":"https:\/\/mgvpublications.com\/de\/wp-json\/wp\/v2\/item?post=6341"}],"curies":[{"name":"wp","href":"https:\/\/api.w.org\/{rel}","templated":true}]}}