{"id":6339,"date":"2019-04-02T22:43:45","date_gmt":"2019-04-02T20:43:45","guid":{"rendered":"https:\/\/dev2.mgvpublications.com\/produkt\/sonsuz-kare-sonsuz\/"},"modified":"2022-04-07T11:55:02","modified_gmt":"2022-04-07T09:55:02","slug":"sonsuz-kare-sonsuz","status":"publish","type":"product","link":"https:\/\/mgvpublications.com\/de\/sonsuz-kare-sonsuz\/","title":{"rendered":"Sonsuz Kare Sonsuz"},"content":{"rendered":"<p>Yay\u0131n Tarihi 2018-04-01<br \/>\nISBN 6052008225<br \/>\nBask\u0131 Say\u0131s\u0131 2. Bask\u0131<br \/>\nDil T\u00dcRK\u00c7E<br \/>\nSayfa Say\u0131s\u0131 188<br \/>\nCilt Tipi Karton Kapak<br \/>\nKa\u011f\u0131t Cinsi Kitap Ka\u011f\u0131d\u0131<br \/>\nBoyut 13.5 x 21 cm<\/p>","protected":false},"excerpt":{"rendered":"<p>Ruhumuza tesir eden, kendimizi \u015f\u00f6yle bir yoklamaya sevk eden her film; velev ki i\u00e7inde ruhsall\u0131\u011f\u0131 deneyimleten, insandaki bir yaraya veya tecr\u00fcbeye kar\u015f\u0131l\u0131k gelen tek bir sahne olsun, o film, bir ba\u015fyap\u0131t mesabesindedir art\u0131k. Zira sineman\u0131n -dolay\u0131s\u0131yla sanat\u0131n- g\u00fcc\u00fc de buradan gelir: \u0130nsana hakikati hat\u0131rlatmak, onu ruhsal olarak sar\/s\/mak ve olgusal deneyimlerini geli\u015ftirmek.\u201d<\/p>\n<p>\u201cHer \u015feyin her \u015feye bir etkisi vard\u0131r. Bunu insano\u011flundan daha iyi kim bilebilir?<\/p>\n<p>\u0130nsan, kadimlerini koruyarak, merkezini her daim hat\u0131rlayarak ve gelenekten kopmadan, gelene\u011fin nefesiyle, \u015fimdiye\/buraya dair bir \u015feyler \u00fcretebiliyor, s\u00f6yl\u00fcyor. Kat kat insan\u0131, kendisini merkez edinece\u011fi ama donmas\u0131na da izin vermeyece\u011fi gelenek do\u011furuyor, muhkemle\u015ftiriyor.\u201d<\/p>\n<p>Bu kitap, k\u00e2h sinema sanat\u0131n\u0131n ne\u2019li\u011fine, k\u00e2h sinema sanat\u0131n\u0131n imk\u00e2nlar\u0131na, zaman zaman koca bir filmin tek bir karesine, zaman zaman ise heder edilmi\u015f emeklere dair yaz\u0131ld\u0131. Ama en \u00e7ok insana, insan\u0131n hik\u00e2yesine, \u00e7aresizli\u011fine, yaln\u0131zl\u0131\u011f\u0131na, d\u00fc\u015f\u00fc\u015f\u00fcne ve dahi dirili\u015fine&#8230;<\/p>","protected":false},"featured_media":6340,"template":"","meta":{"spay_email":""},"product_cat":[168],"product_tag":[],"item":[335],"acf":[],"_links":{"self":[{"href":"https:\/\/mgvpublications.com\/de\/wp-json\/wp\/v2\/product\/6339"}],"collection":[{"href":"https:\/\/mgvpublications.com\/de\/wp-json\/wp\/v2\/product"}],"about":[{"href":"https:\/\/mgvpublications.com\/de\/wp-json\/wp\/v2\/types\/product"}],"wp:featuredmedia":[{"embeddable":true,"href":"https:\/\/mgvpublications.com\/de\/wp-json\/wp\/v2\/media\/6340"}],"wp:attachment":[{"href":"https:\/\/mgvpublications.com\/de\/wp-json\/wp\/v2\/media?parent=6339"}],"wp:term":[{"taxonomy":"product_cat","embeddable":true,"href":"https:\/\/mgvpublications.com\/de\/wp-json\/wp\/v2\/product_cat?post=6339"},{"taxonomy":"product_tag","embeddable":true,"href":"https:\/\/mgvpublications.com\/de\/wp-json\/wp\/v2\/product_tag?post=6339"},{"taxonomy":"item","embeddable":true,"href":"https:\/\/mgvpublications.com\/de\/wp-json\/wp\/v2\/item?post=6339"}],"curies":[{"name":"wp","href":"https:\/\/api.w.org\/{rel}","templated":true}]}}