{"id":6333,"date":"2019-04-02T22:43:45","date_gmt":"2019-04-02T20:43:45","guid":{"rendered":"https:\/\/dev2.mgvpublications.com\/produkt\/siyasette-35-yil-1\/"},"modified":"2025-04-26T18:57:30","modified_gmt":"2025-04-26T16:57:30","slug":"siyasette-35-yil-1","status":"publish","type":"product","link":"https:\/\/mgvpublications.com\/de\/siyasette-35-yil-1\/","title":{"rendered":"Siyasette 35 Yil &#8211; 1"},"content":{"rendered":"<p>Yay\u0131n Tarihi\t2015-03-13<br \/>\nISBN\t6055000417<br \/>\nBask\u0131 Say\u0131s\u0131\t1. Bask\u0131<br \/>\nDil\tT\u00dcRK\u00c7E<br \/>\nSayfa Say\u0131s\u0131\t216<br \/>\nCilt Tipi\tKarton Kapak<br \/>\nKa\u011f\u0131t Cinsi\tKitap Ka\u011f\u0131d\u0131<br \/>\nBoyut\t13.5 x 21 cm<\/p>","protected":false},"excerpt":{"rendered":"<p>&#8220;Bug\u00fcn geli\u015fmi\u015f \u00fclkelerde iki t\u00fcr politikac\u0131 vard\u0131r.<br \/>\nBirincisi, \u00fclkesini d\u0131\u015f s\u00f6m\u00fcr\u00fcden kurtarmak i\u00e7in \u00e7aba sarf eden politikac\u0131.<br \/>\nDi\u011feri ise \u00fclkesini d\u0131\u015f s\u00f6m\u00fcr\u00fcye alabildi\u011fine a\u00e7\u0131k tutan, bundan \u00e7\u0131kar sa\u011flayan politikac\u0131.&#8221;<br \/>\nS\u00fcleyman Arif Emre<\/p>","protected":false},"featured_media":6334,"template":"","meta":{"spay_email":""},"product_cat":[173],"product_tag":[],"item":[335],"acf":[],"_links":{"self":[{"href":"https:\/\/mgvpublications.com\/de\/wp-json\/wp\/v2\/product\/6333"}],"collection":[{"href":"https:\/\/mgvpublications.com\/de\/wp-json\/wp\/v2\/product"}],"about":[{"href":"https:\/\/mgvpublications.com\/de\/wp-json\/wp\/v2\/types\/product"}],"wp:featuredmedia":[{"embeddable":true,"href":"https:\/\/mgvpublications.com\/de\/wp-json\/wp\/v2\/media\/6334"}],"wp:attachment":[{"href":"https:\/\/mgvpublications.com\/de\/wp-json\/wp\/v2\/media?parent=6333"}],"wp:term":[{"taxonomy":"product_cat","embeddable":true,"href":"https:\/\/mgvpublications.com\/de\/wp-json\/wp\/v2\/product_cat?post=6333"},{"taxonomy":"product_tag","embeddable":true,"href":"https:\/\/mgvpublications.com\/de\/wp-json\/wp\/v2\/product_tag?post=6333"},{"taxonomy":"item","embeddable":true,"href":"https:\/\/mgvpublications.com\/de\/wp-json\/wp\/v2\/item?post=6333"}],"curies":[{"name":"wp","href":"https:\/\/api.w.org\/{rel}","templated":true}]}}