{"id":6330,"date":"2019-04-02T22:43:45","date_gmt":"2019-04-02T20:43:45","guid":{"rendered":"https:\/\/dev2.mgvpublications.com\/produkt\/siki-dostlar-kitap-seti-5-kitap\/"},"modified":"2024-05-10T19:13:56","modified_gmt":"2024-05-10T17:13:56","slug":"siki-dostlar-kitap-seti-5-kitap","status":"publish","type":"product","link":"https:\/\/mgvpublications.com\/de\/siki-dostlar-kitap-seti-5-kitap\/","title":{"rendered":"S\u0131k\u0131 Dostlar Kitap Seti (5 Kitap)"},"content":{"rendered":"<p>Firdevs \u00c7a\u011flayan<br \/>\nBiri Hz. Hamza kadar cesur, di\u011feri en az profes\u00f6r kadar zeki, bir di\u011feri de hoca kadar bilgili\u2026<br \/>\nOnlar\u0131, ah\u0131rda s\u00fct sa\u011farken, bir evi tamir ederken, belgesel \u00e7ekerken ya da \u00c7anakkale\u2019de gezerken g\u00f6rebiliriz.<br \/>\n\u00dc\u00e7 arkada\u015f ile beraber maceradan maceraya ko\u015fmaya haz\u0131r m\u0131s\u0131n\u0131z?<\/p>\n<p>S\u0131k\u0131 Dostlar &#8220;Yalan\u0131n Beyaz\u0131 Yok\u201d \u2013 75 Sayfa<\/p>\n<p>S\u0131k\u0131 Dostlar &#8220;Kelebek Etkisi\u201d \u2013 75 Sayfa<\/p>\n<p>S\u0131k\u0131 Dostlar &#8220;\u00c7iftlikte Bir G\u00fcn\u201d \u2013 75 Sayfa<\/p>\n<p>S\u0131k\u0131 Dostlar &#8220;Ger\u00e7ek Kahramanlar\u201d \u2013 77 Sayfa<\/p>\n<p>S\u0131k\u0131 Dostlar &#8220;Ebedi Miras\u201d \u2013 83 Sayfa<\/p>","protected":false},"excerpt":{"rendered":"<p>Yay\u0131n Tarihi: 2018-02-02<br \/>\nISBN: 6054952106<br \/>\nBask\u0131 Say\u0131s\u0131: 1. Bask\u0131<br \/>\nDil: T\u00dcRK\u00c7E<br \/>\nCilt Tipi: Karton Kapak<br \/>\nKa\u011f\u0131t Cinsi: 1. Hm. Ka\u011f\u0131t<br \/>\nBoyut: 13 x 19 cm<\/p>","protected":false},"featured_media":6331,"template":"","meta":{"spay_email":""},"product_cat":[166,172,169],"product_tag":[],"item":[335],"acf":[],"_links":{"self":[{"href":"https:\/\/mgvpublications.com\/de\/wp-json\/wp\/v2\/product\/6330"}],"collection":[{"href":"https:\/\/mgvpublications.com\/de\/wp-json\/wp\/v2\/product"}],"about":[{"href":"https:\/\/mgvpublications.com\/de\/wp-json\/wp\/v2\/types\/product"}],"wp:featuredmedia":[{"embeddable":true,"href":"https:\/\/mgvpublications.com\/de\/wp-json\/wp\/v2\/media\/6331"}],"wp:attachment":[{"href":"https:\/\/mgvpublications.com\/de\/wp-json\/wp\/v2\/media?parent=6330"}],"wp:term":[{"taxonomy":"product_cat","embeddable":true,"href":"https:\/\/mgvpublications.com\/de\/wp-json\/wp\/v2\/product_cat?post=6330"},{"taxonomy":"product_tag","embeddable":true,"href":"https:\/\/mgvpublications.com\/de\/wp-json\/wp\/v2\/product_tag?post=6330"},{"taxonomy":"item","embeddable":true,"href":"https:\/\/mgvpublications.com\/de\/wp-json\/wp\/v2\/item?post=6330"}],"curies":[{"name":"wp","href":"https:\/\/api.w.org\/{rel}","templated":true}]}}