{"id":6328,"date":"2019-04-02T22:43:45","date_gmt":"2019-04-02T20:43:45","guid":{"rendered":"https:\/\/dev2.mgvpublications.com\/produkt\/siki-dostlar-ebedi-miras\/"},"modified":"2022-03-08T22:30:25","modified_gmt":"2022-03-08T21:30:25","slug":"siki-dostlar-ebedi-miras","status":"publish","type":"product","link":"https:\/\/mgvpublications.com\/de\/siki-dostlar-ebedi-miras\/","title":{"rendered":"S\u0131k\u0131 Dostlar \/ Ebedi Miras"},"content":{"rendered":"<p>Yay\u0131n Tarihi 2018-02-02<br \/>\nISBN 6054952052<br \/>\nBask\u0131 Say\u0131s\u0131 1. Bask\u0131<br \/>\nDil T\u00dcRK\u00c7E<br \/>\nSayfa Say\u0131s\u0131 83<br \/>\nCilt Tipi Karton Kapak<br \/>\nKa\u011f\u0131t Cinsi 1. Hm. Ka\u011f\u0131t<br \/>\nBoyut 13 x 19 cm<\/p>","protected":false},"excerpt":{"rendered":"<p>Bartu, Necmettin ve Enes\u2026<br \/>\nBiri Hz. Hamza kadar cesur, di\u011feri en az profes\u00f6r kadar zeki, bir di\u011feri de hoca kadar bilgili\u2026<br \/>\nOnlar\u0131, ah\u0131rda s\u00fct sa\u011farken, bir evi tamir ederken, belgesel \u00e7ekerken ya da \u00c7anakkale\u2019de gezerken g\u00f6rebiliriz.<br \/>\n\u00dc\u00e7 arkada\u015f ile beraber maceradan maceraya ko\u015fmaya haz\u0131r m\u0131s\u0131n\u0131z?<\/p>","protected":false},"featured_media":6329,"template":"","meta":{"spay_email":""},"product_cat":[172],"product_tag":[],"item":[335],"acf":[],"_links":{"self":[{"href":"https:\/\/mgvpublications.com\/de\/wp-json\/wp\/v2\/product\/6328"}],"collection":[{"href":"https:\/\/mgvpublications.com\/de\/wp-json\/wp\/v2\/product"}],"about":[{"href":"https:\/\/mgvpublications.com\/de\/wp-json\/wp\/v2\/types\/product"}],"wp:featuredmedia":[{"embeddable":true,"href":"https:\/\/mgvpublications.com\/de\/wp-json\/wp\/v2\/media\/6329"}],"wp:attachment":[{"href":"https:\/\/mgvpublications.com\/de\/wp-json\/wp\/v2\/media?parent=6328"}],"wp:term":[{"taxonomy":"product_cat","embeddable":true,"href":"https:\/\/mgvpublications.com\/de\/wp-json\/wp\/v2\/product_cat?post=6328"},{"taxonomy":"product_tag","embeddable":true,"href":"https:\/\/mgvpublications.com\/de\/wp-json\/wp\/v2\/product_tag?post=6328"},{"taxonomy":"item","embeddable":true,"href":"https:\/\/mgvpublications.com\/de\/wp-json\/wp\/v2\/item?post=6328"}],"curies":[{"name":"wp","href":"https:\/\/api.w.org\/{rel}","templated":true}]}}