{"id":6322,"date":"2019-04-02T22:43:44","date_gmt":"2019-04-02T20:43:44","guid":{"rendered":"https:\/\/dev2.mgvpublications.com\/produkt\/sen-on-yedi-yasimsin\/"},"modified":"2022-03-08T22:30:24","modified_gmt":"2022-03-08T21:30:24","slug":"sen-on-yedi-yasimsin","status":"publish","type":"product","link":"https:\/\/mgvpublications.com\/de\/sen-on-yedi-yasimsin\/","title":{"rendered":"Sen On Yedi Ya\u015f\u0131ms\u0131n"},"content":{"rendered":"<p>Yay\u0131n Tarihi: 2017-02-13<br \/>\nISBN: 6059609388<br \/>\nBask\u0131 Say\u0131s\u0131: 1. Bask\u0131<br \/>\nDil: T\u00dcRK\u00c7E<br \/>\nSayfa Say\u0131s\u0131: 160<br \/>\nCilt Tipi: Karton Kapak<br \/>\nKa\u011f\u0131t Cinsi: Kitap Ka\u011f\u0131d\u0131<br \/>\nBoyut: 13.5 x 21 cm<\/p>","protected":false},"excerpt":{"rendered":"<p>Mirac Ca\u011fr\u0131 Akta\u015f \u0130lknur Mustu<br \/>\nSeni &#8221;can\u0131m\u0131n i\u00e7i&#8221; diye sevecek birini kaybettin.<br \/>\n\u015eimdi hi\u00e7bir can nefes olmayacak sana.<br \/>\nDaha \u00e7ok sevilece\u011fini umarak gitti\u011fin yerde s\u0131k\u0131\u015f\u0131rsa kalbin, elini kalbine koy. \u00c7\u00fcnk\u00fc o ac\u0131 benim.<br \/>\nO s\u0131k\u0131\u015fmayla sana, bizi bitirme \u00e7abalar\u0131n\u0131 ve hi\u00e7e say\u0131\u015flar\u0131n\u0131 hat\u0131rlatmaya gelece\u011fim.<br \/>\nBiliyor musun sevgilim? Seni sevdim.<br \/>\nBir insan hayat\u0131nda ne kadar \u00e7ok ve ne kadar g\u00fczel sevebilirse, o kadar sevdim.<br \/>\nBu da benim yenik zaferim\u2026<br \/>\nSen benim ilk \u00e7aresizli\u011fim, sen benim ilk yenilgimsin.<\/p>","protected":false},"featured_media":6323,"template":"","meta":{"spay_email":""},"product_cat":[168],"product_tag":[],"item":[1362],"acf":[],"_links":{"self":[{"href":"https:\/\/mgvpublications.com\/de\/wp-json\/wp\/v2\/product\/6322"}],"collection":[{"href":"https:\/\/mgvpublications.com\/de\/wp-json\/wp\/v2\/product"}],"about":[{"href":"https:\/\/mgvpublications.com\/de\/wp-json\/wp\/v2\/types\/product"}],"wp:featuredmedia":[{"embeddable":true,"href":"https:\/\/mgvpublications.com\/de\/wp-json\/wp\/v2\/media\/6323"}],"wp:attachment":[{"href":"https:\/\/mgvpublications.com\/de\/wp-json\/wp\/v2\/media?parent=6322"}],"wp:term":[{"taxonomy":"product_cat","embeddable":true,"href":"https:\/\/mgvpublications.com\/de\/wp-json\/wp\/v2\/product_cat?post=6322"},{"taxonomy":"product_tag","embeddable":true,"href":"https:\/\/mgvpublications.com\/de\/wp-json\/wp\/v2\/product_tag?post=6322"},{"taxonomy":"item","embeddable":true,"href":"https:\/\/mgvpublications.com\/de\/wp-json\/wp\/v2\/item?post=6322"}],"curies":[{"name":"wp","href":"https:\/\/api.w.org\/{rel}","templated":true}]}}