{"id":6320,"date":"2019-04-02T22:43:43","date_gmt":"2019-04-02T20:43:43","guid":{"rendered":"https:\/\/dev2.mgvpublications.com\/produkt\/sehzadebasi-sohbetleri-2-cilt\/"},"modified":"2022-03-08T22:30:24","modified_gmt":"2022-03-08T21:30:24","slug":"sehzadebasi-sohbetleri-2-cilt","status":"publish","type":"product","link":"https:\/\/mgvpublications.com\/de\/sehzadebasi-sohbetleri-2-cilt\/","title":{"rendered":"\u015eehzadeba\u015f\u0131 Sohbetleri &#8211; 2 cilt"},"content":{"rendered":"<p>Yay\u0131n Tarihi 2016-09-19<br \/>\nISBN 6055271473<br \/>\nBask\u0131 Say\u0131s\u0131 2. Bask\u0131<br \/>\nDil T\u00dcRK\u00c7E<br \/>\nCilt Tipi Karton Kapak<br \/>\nKa\u011f\u0131t Cinsi Kitap Ka\u011f\u0131d\u0131<br \/>\nBoyut 15 x 21 cm<\/p>","protected":false},"excerpt":{"rendered":"<p>Bunun i\u00e7in M\u00fcsl\u00fcman,hadis kelimesini iman\u0131n gere\u011fi olarak dinler,&#8217;hadismi\u015f&#8217;demez, Resulullah&#8217;a hicret etmek gibi bir \u015fey&#8217;der.Medine&#8217;ye gidemeden y\u00fcre\u011fi medinele\u015fmi\u015f M\u00fcsl\u00fcman bu M\u00fcsl\u00fcmand\u0131r.Ona o zaman her yer Medine olur.T\u0131pk\u0131Resulullah&#8217;\u0131<br \/>\ng\u00f6rmedi\u011fi halde Resulullah&#8217;\u0131n onu g\u00f6rmek istedi\u011fi bir adam olmaya hak kazanan \u00dcveysi&#8217;l Karni&#8217;de oldu\u011fu gibi.<\/p>\n<p>Bu sebeple karde\u015flerim ,s\u00fcnnetdemek,Resullulah&#8217;\u0131n hadisi demek,bizim i\u00e7in \u015fu fani d\u00fcnyaya bakt\u0131\u011f\u0131m\u0131z pencere demektir.Ebubekir&#8217;in ma\u011farada g\u00f6rd\u00fc\u011f\u00fcn\u00fc g\u00f6rmek demektir. Resulullahsallallahu aleyhi ve sellemin yan\u0131nda k\u0131l\u0131\u00e7 kullanarak \u015fehit olmak i\u00e7in m\u00fccadele eden M\u00fcsl\u00fcman gibi bende herhengi bir s\u00fcnnete sar\u0131l\u0131rken kendimi Hamza ile bulu\u015faca\u011f\u0131<br \/>\neylemi ger\u00e7ekle\u015ftiren bir M\u00fcsl\u00fcman? olarak g\u00f6rebiliyorsam ideali b\u00fcy\u00fck bir M\u00fcsl\u00fcman\u0131m demektir.<\/p>\n<p>Bug\u00fcn Resulullahsallallahu aleyhi ve sellemin m\u00fcbarek v\u00fccudu,pe\u015finden gidilen bir v\u00fccut olarak aram\u0131zda olmasa da,onun m\u00fcbarek s\u00fcnneti ba\u011fr\u0131m\u0131zda oldu\u011fu s\u00fcrece, be\u011fenmek be\u011fenmemek,\u015fartlar\u0131n\u0131belirlemek,s\u0131cak-so\u011fuk gibi bir tercih yapmadan<br \/>\nburaday\u0131m ya Resulullah!&#8217; diyebiliyorsak Ebubekir&#8217;in tavr\u0131yla \u00f6zde\u015fle\u015fmi\u015f bir tav\u0131rda bulundu\u011fumuz i\u00e7in in\u015fallah cennetide on binlerce sahabi ile beraber payla\u015faca\u011f\u0131z.&#8221;<\/p>","protected":false},"featured_media":6321,"template":"","meta":{"spay_email":""},"product_cat":[174],"product_tag":[],"item":[363],"acf":[],"_links":{"self":[{"href":"https:\/\/mgvpublications.com\/de\/wp-json\/wp\/v2\/product\/6320"}],"collection":[{"href":"https:\/\/mgvpublications.com\/de\/wp-json\/wp\/v2\/product"}],"about":[{"href":"https:\/\/mgvpublications.com\/de\/wp-json\/wp\/v2\/types\/product"}],"wp:featuredmedia":[{"embeddable":true,"href":"https:\/\/mgvpublications.com\/de\/wp-json\/wp\/v2\/media\/6321"}],"wp:attachment":[{"href":"https:\/\/mgvpublications.com\/de\/wp-json\/wp\/v2\/media?parent=6320"}],"wp:term":[{"taxonomy":"product_cat","embeddable":true,"href":"https:\/\/mgvpublications.com\/de\/wp-json\/wp\/v2\/product_cat?post=6320"},{"taxonomy":"product_tag","embeddable":true,"href":"https:\/\/mgvpublications.com\/de\/wp-json\/wp\/v2\/product_tag?post=6320"},{"taxonomy":"item","embeddable":true,"href":"https:\/\/mgvpublications.com\/de\/wp-json\/wp\/v2\/item?post=6320"}],"curies":[{"name":"wp","href":"https:\/\/api.w.org\/{rel}","templated":true}]}}