{"id":6318,"date":"2019-04-02T22:43:43","date_gmt":"2019-04-02T20:43:43","guid":{"rendered":"https:\/\/dev2.mgvpublications.com\/produkt\/satranc\/"},"modified":"2022-03-08T22:30:24","modified_gmt":"2022-03-08T21:30:24","slug":"satranc","status":"publish","type":"product","link":"https:\/\/mgvpublications.com\/de\/satranc\/","title":{"rendered":"Satran\u00e7"},"content":{"rendered":"<p>Yay\u0131n Tarihi: 2019-02-13<br \/>\nISBN: 6053606116<br \/>\nBask\u0131 Say\u0131s\u0131: 21. Bask\u0131<br \/>\nDil: T\u00dcRK\u00c7E<br \/>\nSayfa Say\u0131s\u0131: 77<br \/>\nKa\u011f\u0131t Cinsi: Kitap Ka\u011f\u0131d\u0131<br \/>\nBoyut: 12.5 x 20.5 cm<\/p>","protected":false},"excerpt":{"rendered":"<p>Stefan Zweig, \u00e7ok geni\u015f bir psikoloji birikimini eserlerinde b\u00fct\u00fcn\u00fcyle kullanm\u0131\u015f ender yazarlardand\u0131r. Onun d\u00fcnya edebiyat\u0131nda bir biyografi yazar\u0131 olarak kazand\u0131\u011f\u0131 hakl\u0131 \u00fcn\u00fcn temelinde de bu \u00f6zelli\u011fi, yani yazarl\u0131\u011f\u0131n\u0131n yan\u0131 s\u0131ra \u00e7ok usta bir psikolog olmas\u0131 yatar. Satran\u00e7, Zweig\u2019\u0131n psikolojik birikimini b\u00fct\u00fcn\u00fcyle devreye soktu\u011fu bir \u00f6yk\u00fcd\u00fcr ve bu \u00f6yk\u00fcn\u00fcn ba\u015f ki\u015fileri, tamamen yazar\u0131n biyografilerinde ele ald\u0131\u011f\u0131 ki\u015fileri i\u015fleyi\u015f bi\u00e7imiyle sergilenmi\u015ftir.<\/p>\n<p>Zweig \u00f6l\u00fcm\u00fcnden hemen \u00f6nce tamamlad\u0131\u011f\u0131 birka\u00e7 d\u00fczyaz\u0131 metinden biri olan Satran\u00e7\u2019\u0131 kaleme ald\u0131\u011f\u0131 s\u0131rada, kar\u0131s\u0131 Lotte Zweig ile birlikte g\u00f6\u00e7 etti\u011fi Brezilya\u2019da ya\u015famaktayd\u0131. Satran\u00e7\u2019ta da, olay yeri olarak New York\u2019dan Buenos Aires\u2019e gitmekte olan bir yolcu gemisini se\u00e7mi\u015ftir. Bu gemide tamamen rastlant\u0131 sonucu kar\u015f\u0131la\u015fan \u00fc\u00e7 ki\u015fi: yeni d\u00fcnya satran\u00e7 \u015fampiyonu Mirko Czentovic, s\u0131radan bir satran\u00e7 oyuncusu olan anlat\u0131c\u0131 ve bir zamanlar \u00e7ok usta bir satran\u00e7 oyuncusu olan, ama hayli zamand\u0131r satran\u00e7tan uzak kalm\u0131\u015f bulunan Dr. B., \u00f6yk\u00fcn\u00fcn akt\u00f6rleridir.<\/p>","protected":false},"featured_media":6319,"template":"","meta":{"spay_email":""},"product_cat":[166,167,168,169],"product_tag":[],"item":[336],"acf":[],"_links":{"self":[{"href":"https:\/\/mgvpublications.com\/de\/wp-json\/wp\/v2\/product\/6318"}],"collection":[{"href":"https:\/\/mgvpublications.com\/de\/wp-json\/wp\/v2\/product"}],"about":[{"href":"https:\/\/mgvpublications.com\/de\/wp-json\/wp\/v2\/types\/product"}],"wp:featuredmedia":[{"embeddable":true,"href":"https:\/\/mgvpublications.com\/de\/wp-json\/wp\/v2\/media\/6319"}],"wp:attachment":[{"href":"https:\/\/mgvpublications.com\/de\/wp-json\/wp\/v2\/media?parent=6318"}],"wp:term":[{"taxonomy":"product_cat","embeddable":true,"href":"https:\/\/mgvpublications.com\/de\/wp-json\/wp\/v2\/product_cat?post=6318"},{"taxonomy":"product_tag","embeddable":true,"href":"https:\/\/mgvpublications.com\/de\/wp-json\/wp\/v2\/product_tag?post=6318"},{"taxonomy":"item","embeddable":true,"href":"https:\/\/mgvpublications.com\/de\/wp-json\/wp\/v2\/item?post=6318"}],"curies":[{"name":"wp","href":"https:\/\/api.w.org\/{rel}","templated":true}]}}