{"id":6314,"date":"2019-04-02T22:43:43","date_gmt":"2019-04-02T20:43:43","guid":{"rendered":"https:\/\/dev2.mgvpublications.com\/produkt\/sahabenin-kuran-anlayisi\/"},"modified":"2022-04-07T14:27:05","modified_gmt":"2022-04-07T12:27:05","slug":"sahabenin-kuran-anlayisi","status":"publish","type":"product","link":"https:\/\/mgvpublications.com\/de\/sahabenin-kuran-anlayisi\/","title":{"rendered":"Sahabenin Kur\u2019an Anlay\u0131\u015f\u0131"},"content":{"rendered":"<p>Yay\u0131n Tarihi 2017-11-03<br \/>\nISBN 6052008089<br \/>\nBask\u0131 Say\u0131s\u0131 1. Bask\u0131<br \/>\nDil T\u00dcRK\u00c7E<br \/>\nSayfa Say\u0131s\u0131 330<br \/>\nCilt Tipi Karton Kapak<br \/>\nKa\u011f\u0131t Cinsi Kitap Ka\u011f\u0131d\u0131<br \/>\nBoyut 13.5 x 21 cm<\/p>","protected":false},"excerpt":{"rendered":"<p>Hz. Peygamberin sah\u00e2b\u00eeleri de vahyi Allah\u2019a haberle\u015fmek olarak alg\u0131lam\u0131\u015flard\u0131r. Resulllah\u2019\u0131n vefat\u0131 \u00fczerine \u00e7ok \u00fcz\u00fclen ve g\u00f6zya\u015flar\u0131n\u0131 g\u00fcnlerce tutamayan \u00dcmm\u00fc Eymen adl\u0131 han\u0131m, \u201cSeni peygambere bu kadar a\u011flatan nedir?\u201d diye sorduklar\u0131nda o \u015fu cevab\u0131 vermi\u015ftir. \u201cBen de biliyorum ki Resulullah \u00f6lecektir. Ben, onun irtihaline de\u011fil vahyin art\u0131k bizden kesilmesine a\u011fl\u0131yorum.\u201d Hz. Peygamberin t\u00fcm sah\u00e2bileri biliyorlard\u0131 ki vahiyle birlikte ya\u015famak bizzat Allah\u2019la ya\u015famakt\u0131r. \u00c7\u00fcnk\u00fc vahyin tecellisi olan Kur\u2019an, Allah\u2019\u0131n indirilmi\u015f kitab\u0131d\u0131r. \u0130nsan\u0131n nefsine, kalbine, fikrine ve ruhuna y\u00f6neltilmi\u015f kel\u00e2m\u0131d\u0131r.<br \/>\nAllah\u2019\u0131n kullar\u0131yla vahiy \u015feklinde irtibat\/ ileti\u015fim kurmas\u0131ndan ama\u00e7; insan\u0131n yarat\u0131c\u0131s\u0131yla ve evrenle olan \u00e7ok y\u00f6nl\u00fc ili\u015fkilerin y\u00fcksek \u015fuurunu onda uyand\u0131r\u0131p, vicdan\u0131n\u0131 bi\u00e7imlendirip, kendi nefsine kar\u015f\u0131 uyan\u0131k k\u0131lmakt\u0131r. Bu izahtan sonra \u015fu tespiti yapabiliriz; Kur\u2019an\u2019\u0131n ilgi merkezi insan ve insan\u0131n \u0131slah\u0131d\u0131r. Bu bak\u0131mdan Kur\u2019an\u2019\u0131, felsef\u00ee bir materyal, edebiyat, bilimi k\u0131ssa ve tarih bilgisi kitab\u0131 olarak ele almamak gerekir. Kur\u2019an Y\u00fcce Allah\u2019\u0131n b\u00fct\u00fcn varl\u0131klara yarat\u0131l\u0131\u015f d\u00fczenine uygun hareket etme tarzlar\u0131n\u0131 bildirmek i\u00e7in gelmi\u015f bir kitapt\u0131r.<\/p>","protected":false},"featured_media":6315,"template":"","meta":{"spay_email":""},"product_cat":[174],"product_tag":[],"item":[335],"acf":[],"_links":{"self":[{"href":"https:\/\/mgvpublications.com\/de\/wp-json\/wp\/v2\/product\/6314"}],"collection":[{"href":"https:\/\/mgvpublications.com\/de\/wp-json\/wp\/v2\/product"}],"about":[{"href":"https:\/\/mgvpublications.com\/de\/wp-json\/wp\/v2\/types\/product"}],"wp:featuredmedia":[{"embeddable":true,"href":"https:\/\/mgvpublications.com\/de\/wp-json\/wp\/v2\/media\/6315"}],"wp:attachment":[{"href":"https:\/\/mgvpublications.com\/de\/wp-json\/wp\/v2\/media?parent=6314"}],"wp:term":[{"taxonomy":"product_cat","embeddable":true,"href":"https:\/\/mgvpublications.com\/de\/wp-json\/wp\/v2\/product_cat?post=6314"},{"taxonomy":"product_tag","embeddable":true,"href":"https:\/\/mgvpublications.com\/de\/wp-json\/wp\/v2\/product_tag?post=6314"},{"taxonomy":"item","embeddable":true,"href":"https:\/\/mgvpublications.com\/de\/wp-json\/wp\/v2\/item?post=6314"}],"curies":[{"name":"wp","href":"https:\/\/api.w.org\/{rel}","templated":true}]}}