{"id":6312,"date":"2020-12-02T15:37:37","date_gmt":"2020-12-02T14:37:37","guid":{"rendered":"https:\/\/dev2.mgvpublications.com\/produkt\/ruh-hali\/"},"modified":"2022-03-08T22:30:22","modified_gmt":"2022-03-08T21:30:22","slug":"ruh-hali","status":"publish","type":"product","link":"https:\/\/mgvpublications.com\/de\/ruh-hali\/","title":{"rendered":"Ruh Hali"},"content":{"rendered":"<p>Yay\u0131n Tarihi: 31.01.2022<br \/>ISBN: 9789752634206<br \/>Dil: T\u00dcRK\u00c7E<br \/>Sayfa Say\u0131s\u0131: 256<br \/>Cilt Tipi: Karton Kapak<br \/>Ka\u011f\u0131t Cinsi: Kitap Ka\u011f\u0131d\u0131<br \/>Boyut: 13.5 x 21 cm<\/p>","protected":false},"excerpt":{"rendered":"<p>Bu kitap, ruh sa\u011fl\u0131\u011f\u0131 konusunda merak edebileceklerinizi derli toplu ve anla\u015f\u0131l\u0131r bir bi\u00e7imde sizlere ula\u015ft\u0131rmak amac\u0131yla haz\u0131rland\u0131. Do\u00e7. Dr. Kemal Sayar, hem mutluluk, iyimserlik, hayat\u0131n anlam\u0131, \u00f6fke, k\u0131skan\u00e7l\u0131k, a\u015fk, evlilik, \u00e7ocuk ebeveyn ili\u015fkileri gibi konular\u0131; hem de depresyon, panik atak, fobiler, ba\u011f\u0131ml\u0131l\u0131k, alzheimer, \u015fizofreni gibi belli ba\u015fl\u0131 psikiyatrik sorunlar\u0131 ele alan bir kitap ortaya koydu. Hayat\u0131n d\u00f6neme\u00e7lerinde hepimiz t\u00f6kezleyebiliriz. Kendimize ve aleme ho\u015f\u00e7a bakmay\u0131 bildi\u011fimiz s\u00fcrece, d\u00fc\u015ft\u00fc\u011f\u00fcm\u00fcz yerden daha da g\u00fc\u00e7lenerek kalkar ve yolculu\u011fumuza devam ederiz. Ruh Hali, bu yolculukta sizlere rehberlik edecek bir k\u0131lavuz niteli\u011finde.<\/p>","protected":false},"featured_media":22541,"template":"","meta":{"spay_email":""},"product_cat":[175],"product_tag":[],"item":[360],"acf":[],"_links":{"self":[{"href":"https:\/\/mgvpublications.com\/de\/wp-json\/wp\/v2\/product\/6312"}],"collection":[{"href":"https:\/\/mgvpublications.com\/de\/wp-json\/wp\/v2\/product"}],"about":[{"href":"https:\/\/mgvpublications.com\/de\/wp-json\/wp\/v2\/types\/product"}],"wp:featuredmedia":[{"embeddable":true,"href":"https:\/\/mgvpublications.com\/de\/wp-json\/wp\/v2\/media\/22541"}],"wp:attachment":[{"href":"https:\/\/mgvpublications.com\/de\/wp-json\/wp\/v2\/media?parent=6312"}],"wp:term":[{"taxonomy":"product_cat","embeddable":true,"href":"https:\/\/mgvpublications.com\/de\/wp-json\/wp\/v2\/product_cat?post=6312"},{"taxonomy":"product_tag","embeddable":true,"href":"https:\/\/mgvpublications.com\/de\/wp-json\/wp\/v2\/product_tag?post=6312"},{"taxonomy":"item","embeddable":true,"href":"https:\/\/mgvpublications.com\/de\/wp-json\/wp\/v2\/item?post=6312"}],"curies":[{"name":"wp","href":"https:\/\/api.w.org\/{rel}","templated":true}]}}