{"id":6305,"date":"2020-12-02T15:37:37","date_gmt":"2020-12-02T14:37:37","guid":{"rendered":"https:\/\/dev2.mgvpublications.com\/produkt\/peygamberleri-oegrenelim\/"},"modified":"2022-03-08T22:30:22","modified_gmt":"2022-03-08T21:30:22","slug":"peygamberleri-oegrenelim","status":"publish","type":"product","link":"https:\/\/mgvpublications.com\/de\/peygamberleri-oegrenelim\/","title":{"rendered":"Peygamberleri \u00d6\u011frenelim"},"content":{"rendered":"<p>Yay\u0131n Tarihi: 25.03.2021<br \/>ISBN: 9786055271367<br \/>Dil: T\u00dcRK\u00c7E<br \/>Sayfa Say\u0131s\u0131: 296<br \/>Cilt Tipi: Karton Kapak<br \/>Ka\u011f\u0131t Cinsi: Kitap Ka\u011f\u0131d\u0131<br \/>Boyut: 13.5 x 21 cm<\/p>","protected":false},"excerpt":{"rendered":"<p>Sevgili \u00e7ocuklar! Uzun y\u0131llardan beri sizler i\u00e7in g\u00fczel hik\u00e2yeler, tatl\u0131 maceralar haz\u0131rlayan Ya\u015far Kandemir hocam\u0131z, \u015fimdi de size her an\u0131n\u0131zda \u00f6rnek olacak peygamberlerin \u00f6yk\u00fcleriyle kar\u015f\u0131n\u0131zda. Peygamber efendimiz ve ondan \u00f6nceki di\u011fer peygamberler hakk\u0131nda \u00f6\u011frenecekleriniz, hayat\u0131n\u0131z boyunca do\u011fru ve yanl\u0131\u015fa nas\u0131l karar verece\u011finize \u0131\u015f\u0131k tutacak. \u00d6rnek almam\u0131z gereken peygamberlerin zorlu m\u00fccadelelerinden dersler \u00e7\u0131kar\u0131rken bir yandan da sat\u0131r aralar\u0131ndaki \u015fiirleri keyifle okuyaca\u011f\u0131n\u0131z\u0131 tahmin ediyoruz. Okurken d\u00fc\u015f\u00fcnmeyi, d\u00fc\u015f\u00fcnd\u00fckten sonra ders almay\u0131 ihmal etmeyin l\u00fctfen. Bol okumalar dileriz.<\/p>","protected":false},"featured_media":19659,"template":"","meta":{"spay_email":""},"product_cat":[172],"product_tag":[],"item":[363],"acf":[],"_links":{"self":[{"href":"https:\/\/mgvpublications.com\/de\/wp-json\/wp\/v2\/product\/6305"}],"collection":[{"href":"https:\/\/mgvpublications.com\/de\/wp-json\/wp\/v2\/product"}],"about":[{"href":"https:\/\/mgvpublications.com\/de\/wp-json\/wp\/v2\/types\/product"}],"wp:featuredmedia":[{"embeddable":true,"href":"https:\/\/mgvpublications.com\/de\/wp-json\/wp\/v2\/media\/19659"}],"wp:attachment":[{"href":"https:\/\/mgvpublications.com\/de\/wp-json\/wp\/v2\/media?parent=6305"}],"wp:term":[{"taxonomy":"product_cat","embeddable":true,"href":"https:\/\/mgvpublications.com\/de\/wp-json\/wp\/v2\/product_cat?post=6305"},{"taxonomy":"product_tag","embeddable":true,"href":"https:\/\/mgvpublications.com\/de\/wp-json\/wp\/v2\/product_tag?post=6305"},{"taxonomy":"item","embeddable":true,"href":"https:\/\/mgvpublications.com\/de\/wp-json\/wp\/v2\/item?post=6305"}],"curies":[{"name":"wp","href":"https:\/\/api.w.org\/{rel}","templated":true}]}}