{"id":6301,"date":"2019-04-02T22:43:42","date_gmt":"2019-04-02T20:43:42","guid":{"rendered":"https:\/\/dev2.mgvpublications.com\/produkt\/peygamberimin-sevdigi-musluman\/"},"modified":"2022-05-01T17:49:02","modified_gmt":"2022-05-01T15:49:02","slug":"peygamberimin-sevdigi-musluman","status":"publish","type":"product","link":"https:\/\/mgvpublications.com\/de\/peygamberimin-sevdigi-musluman\/","title":{"rendered":"Peygamberimin Sevdigi Musluman"},"content":{"rendered":"<p>Yay\u0131n Tarihi\t2019-06-12<br \/>\nISBN\t6055271176<br \/>\nBask\u0131 Say\u0131s\u0131\t8. Bask\u0131<br \/>\nDil\tT\u00dcRK\u00c7E<br \/>\nSayfa Say\u0131s\u0131\t552<br \/>\nCilt Tipi\tKarton Kapak<br \/>\nKa\u011f\u0131t Cinsi\tKitap Ka\u011f\u0131d\u0131<br \/>\nBoyut\t15.5 x 23 cm<\/p>","protected":false},"excerpt":{"rendered":"<p>\u0130slamiyet nedir? M\u00fcsl\u00fcman kimdir?<br \/>\nAllah ve Resul\u00fc bizden nas\u0131l bir insan olmam\u0131z\u0131 bekler?<br \/>\nAllah\u2019\u0131n ve Resul\u00fcn\u00fcn sevgisine bizi hangi davran\u0131\u015flar ula\u015ft\u0131r\u0131r?<\/p>\n<p>Bu sorunlar\u0131n cevaplar\u0131, ayetlerden ve sahih hadislerden derlendi ve hayat\u0131n b\u00fct\u00fcn a\u015famalar\u0131n\u0131 ku\u015fatacak \u015fekilde d\u00fczenlendi. B\u00f6ylece \u0130slamiyet hakk\u0131nda kapsaml\u0131 bir rehber kitap ortaya \u00e7\u0131kt\u0131. Herhangi bir konuda, \u2018Peygamberimin sevdi\u011fi M\u00fcsl\u00fcman ne yapard\u0131?\u2019 diye d\u00fc\u015f\u00fcnecek oldu\u011funuzda, sorunuzun cevab\u0131n\u0131 da bu kitapta bulacaks\u0131n\u0131z.<\/p>","protected":false},"featured_media":6302,"template":"","meta":{"spay_email":""},"product_cat":[174],"product_tag":[],"item":[363],"acf":[],"_links":{"self":[{"href":"https:\/\/mgvpublications.com\/de\/wp-json\/wp\/v2\/product\/6301"}],"collection":[{"href":"https:\/\/mgvpublications.com\/de\/wp-json\/wp\/v2\/product"}],"about":[{"href":"https:\/\/mgvpublications.com\/de\/wp-json\/wp\/v2\/types\/product"}],"wp:featuredmedia":[{"embeddable":true,"href":"https:\/\/mgvpublications.com\/de\/wp-json\/wp\/v2\/media\/6302"}],"wp:attachment":[{"href":"https:\/\/mgvpublications.com\/de\/wp-json\/wp\/v2\/media?parent=6301"}],"wp:term":[{"taxonomy":"product_cat","embeddable":true,"href":"https:\/\/mgvpublications.com\/de\/wp-json\/wp\/v2\/product_cat?post=6301"},{"taxonomy":"product_tag","embeddable":true,"href":"https:\/\/mgvpublications.com\/de\/wp-json\/wp\/v2\/product_tag?post=6301"},{"taxonomy":"item","embeddable":true,"href":"https:\/\/mgvpublications.com\/de\/wp-json\/wp\/v2\/item?post=6301"}],"curies":[{"name":"wp","href":"https:\/\/api.w.org\/{rel}","templated":true}]}}