{"id":6299,"date":"2019-04-02T22:43:42","date_gmt":"2019-04-02T20:43:42","guid":{"rendered":"https:\/\/dev2.mgvpublications.com\/produkt\/oyun-teorisi\/"},"modified":"2022-03-08T22:30:21","modified_gmt":"2022-03-08T21:30:21","slug":"oyun-teorisi","status":"publish","type":"product","link":"https:\/\/mgvpublications.com\/de\/oyun-teorisi\/","title":{"rendered":"Oyun Teorisi"},"content":{"rendered":"<p>Yay\u0131n Tarihi\t2018-05-09<br \/>\nISBN\t6053114192<br \/>\nBask\u0131 Say\u0131s\u0131\t1. Bask\u0131<br \/>\nDil\tT\u00dcRK\u00c7E<br \/>\nSayfa Say\u0131s\u0131\t208<br \/>\nCilt Tipi\tKarton Kapak<br \/>\nKa\u011f\u0131t Cinsi\tKitap Ka\u011f\u0131d\u0131<br \/>\nBoyut\t13.5 x 21 cm<\/p>","protected":false},"excerpt":{"rendered":"<p>\u00d6yle bir oyun d\u00fc\u015f\u00fcn\u00fcn ki b\u00fct\u00fcn oyuncular ayn\u0131 ekipten. Yani siz, kendi ekibinizden birine kar\u015f\u0131 oynuyorsunuz.<br \/>\nMuhte\u015fem bir kriptolojik kurgu! Rakibiniz asl\u0131nda sizinle ayn\u0131 ama\u00e7lara hizmet eden biri oluyor. Siz ve rakibiniz<br \/>\n(!) sizin i\u00e7in hangi strateji en b\u00fcy\u00fck getiriyi sa\u011fl\u0131yorsa onu tercih ediyorsunuz. Siz a\u00e7\u0131ktan yap\u0131yorsunuz, o ise<br \/>\ngizliden gizliye yap\u0131yor. Size kar\u015f\u0131 oynuyormu\u015f gibi g\u00f6z\u00fckerek size hizmet ediyor.<br \/>\nBurada guguk ku\u015fu, rakibinizin bizzat kendisi olmu\u015f oluyor. Bir kripto. \u00c7ok \u00e7e\u015fitli sahalarda bunun<br \/>\nuygulamalar\u0131n\u0131 g\u00f6rmek m\u00fcmk\u00fcnd\u00fcr. \u00d6rne\u011fin kendi eleman\u0131n\u0131z\u0131, rakip bir kurulu\u015fun \u00f6nemli bir y\u00f6neticisi<br \/>\nyapmay\u0131 ba\u015farman\u0131z gibi bir \u015fey!<br \/>\nBug\u00fcn bize kar\u015f\u0131 kurgulanan b\u00fct\u00fcn oyunlar\u0131 tek tek \u00e7\u00f6z\u00fcmlemeye ba\u015flad\u0131\u011f\u0131m\u0131zda, asl\u0131nda hepsinin anas\u0131n\u0131n bir<br \/>\nd\u00fcnya h\u00e2kimiyeti oyunu veya kurgusu oldu\u011funu g\u00f6r\u00fcyoruz. E\u011fer d\u00fc\u015fmanlar\u0131m\u0131zla ya da daha yumu\u015fak bir<br \/>\nifadeyle rakiplerimizle m\u00fccadele edeceksek, bu m\u00fccadeleyi t\u00fcm katmanlarda yapmak mecburiyetindeyiz. Aksi<br \/>\ntakdirde kaybetmeye mahk\u00fbm olmu\u015f oluruz. Yani, k\u0131sacas\u0131, T\u00fcrkiye k\u00fcresel \u00f6l\u00e7ekte bir oyun kurucu olmal\u0131d\u0131r.<br \/>\nBu bir tercih de\u011fil, zorunluluktur.<br \/>\nB\u00fcy\u00fck devletler \u015fartlar\u0131 olu\u015fturur, k\u00fc\u00e7\u00fck devletler \u015fartlara tabi olur. T\u00fcrkiye\u2019miz b\u00fcy\u00fck bir devlettir ve \u015fartlar\u0131<br \/>\nolu\u015fturmak zorundad\u0131r.<\/p>","protected":false},"featured_media":6300,"template":"","meta":{"spay_email":""},"product_cat":[173],"product_tag":[],"item":[1350],"acf":[],"_links":{"self":[{"href":"https:\/\/mgvpublications.com\/de\/wp-json\/wp\/v2\/product\/6299"}],"collection":[{"href":"https:\/\/mgvpublications.com\/de\/wp-json\/wp\/v2\/product"}],"about":[{"href":"https:\/\/mgvpublications.com\/de\/wp-json\/wp\/v2\/types\/product"}],"wp:featuredmedia":[{"embeddable":true,"href":"https:\/\/mgvpublications.com\/de\/wp-json\/wp\/v2\/media\/6300"}],"wp:attachment":[{"href":"https:\/\/mgvpublications.com\/de\/wp-json\/wp\/v2\/media?parent=6299"}],"wp:term":[{"taxonomy":"product_cat","embeddable":true,"href":"https:\/\/mgvpublications.com\/de\/wp-json\/wp\/v2\/product_cat?post=6299"},{"taxonomy":"product_tag","embeddable":true,"href":"https:\/\/mgvpublications.com\/de\/wp-json\/wp\/v2\/product_tag?post=6299"},{"taxonomy":"item","embeddable":true,"href":"https:\/\/mgvpublications.com\/de\/wp-json\/wp\/v2\/item?post=6299"}],"curies":[{"name":"wp","href":"https:\/\/api.w.org\/{rel}","templated":true}]}}