{"id":6291,"date":"2019-04-02T22:43:41","date_gmt":"2019-04-02T20:43:41","guid":{"rendered":"https:\/\/dev2.mgvpublications.com\/produkt\/oeluenuen-yeri\/"},"modified":"2022-04-07T15:14:09","modified_gmt":"2022-04-07T13:14:09","slug":"oeluenuen-yeri","status":"publish","type":"product","link":"https:\/\/mgvpublications.com\/de\/oeluenuen-yeri\/","title":{"rendered":"\u00d6l\u00fcn\u00fcn Yeri"},"content":{"rendered":"<p>Yay\u0131n Tarihi 2018-01-26<br \/>\nISBN 6052008140<br \/>\nBask\u0131 Say\u0131s\u0131 1. Bask\u0131<br \/>\nDil T\u00dcRK\u00c7E<br \/>\nSayfa Say\u0131s\u0131 99<br \/>\nCilt Tipi Karton Kapak<br \/>\nKa\u011f\u0131t Cinsi Kitap Ka\u011f\u0131d\u0131<br \/>\nBoyut 13.5 x 21 cm<\/p>","protected":false},"excerpt":{"rendered":"<p>&#8220;\u0130brahim Eyibilir, yaz\u0131n\u0131n ba\u015f\u0131nda dikkat \u00e7ekti\u011fimiz &#8220;s\u00fcrekli \u015fimdi\u201d halini \u00f6yk\u00fcleri arac\u0131l\u0131\u011f\u0131 ile hissettirir. Malzemesini zamansal olarak genelde &#8220;ge\u00e7mi\u015ften\u201d se\u00e7se de onun derdi, i\u00e7inde ya\u015fad\u0131\u011f\u0131 &#8220;hal\u201ddir, yani &#8220;\u015fimdi\u201ddir. Bunu da &#8220;\u00f6yk\u00fc anlat\u0131c\u0131s\u0131n\u0131n \u015fimdisi\u201d olarak \u00f6yk\u00fclerinde kodlar. Dolay\u0131s\u0131yla \u00f6yk\u00fclerdeki &#8220;anlat\u0131c\u0131\u201dlar\u0131n bilin\u00e7 halleri ve zamansal sapmalar\u0131ndan yola \u00e7\u0131kan dikkatli okuyucu, yazar\u0131n &#8220;\u015fimdisi\u201d (hali) konusunda gerekli verileri elde eder. B\u00fct\u00fcn bu veriler de gelip \u015funa dayan\u0131r: \u0130brahim Eyibilir, \u00f6yk\u00fcleriyle &#8220;ekran \u00e7a\u011f\u0131na\u201d itiraz ediyor; yani bir t\u00fcr hayat\u0131m\u0131zdaki b\u00fct\u00fcn &#8220;de\u011ferleri ters-y\u00fcz eden modernizme ba\u015fkald\u0131r\u0131yor. Bir sanat\u00e7\u0131 olarak yazar\u0131n b\u00f6yle bir hakk\u0131 yok mudur?&#8230;\u201d<\/p>","protected":false},"featured_media":6292,"template":"","meta":{"spay_email":""},"product_cat":[168],"product_tag":[],"item":[335],"acf":[],"_links":{"self":[{"href":"https:\/\/mgvpublications.com\/de\/wp-json\/wp\/v2\/product\/6291"}],"collection":[{"href":"https:\/\/mgvpublications.com\/de\/wp-json\/wp\/v2\/product"}],"about":[{"href":"https:\/\/mgvpublications.com\/de\/wp-json\/wp\/v2\/types\/product"}],"wp:featuredmedia":[{"embeddable":true,"href":"https:\/\/mgvpublications.com\/de\/wp-json\/wp\/v2\/media\/6292"}],"wp:attachment":[{"href":"https:\/\/mgvpublications.com\/de\/wp-json\/wp\/v2\/media?parent=6291"}],"wp:term":[{"taxonomy":"product_cat","embeddable":true,"href":"https:\/\/mgvpublications.com\/de\/wp-json\/wp\/v2\/product_cat?post=6291"},{"taxonomy":"product_tag","embeddable":true,"href":"https:\/\/mgvpublications.com\/de\/wp-json\/wp\/v2\/product_tag?post=6291"},{"taxonomy":"item","embeddable":true,"href":"https:\/\/mgvpublications.com\/de\/wp-json\/wp\/v2\/item?post=6291"}],"curies":[{"name":"wp","href":"https:\/\/api.w.org\/{rel}","templated":true}]}}