{"id":6278,"date":"2019-04-02T22:43:40","date_gmt":"2019-04-02T20:43:40","guid":{"rendered":"https:\/\/dev2.mgvpublications.com\/produkt\/mutluluk-onay-belgesi\/"},"modified":"2022-03-08T22:30:18","modified_gmt":"2022-03-08T21:30:18","slug":"mutluluk-onay-belgesi","status":"publish","type":"product","link":"https:\/\/mgvpublications.com\/de\/mutluluk-onay-belgesi\/","title":{"rendered":"Mutluluk Onay Belgesi"},"content":{"rendered":"<p>Yay\u0131n Tarihi\t2017-12-27<br \/>\nISBN\t9759969455<br \/>\nBask\u0131 Say\u0131s\u0131\t2. Bask\u0131<br \/>\nDil\tT\u00dcRK\u00c7E<br \/>\nSayfa Say\u0131s\u0131\t200<br \/>\nCilt Tipi\tKarton Kapak<br \/>\nKa\u011f\u0131t Cinsi\tKitap Ka\u011f\u0131d\u0131<br \/>\nBoyut\t13.5 x 21 cm<\/p>","protected":false},"excerpt":{"rendered":"<p>\u2018\u2019Bura\u2019\u2019da kimse yok mu !<br \/>\n\u00d6teki, beriki, biz, siz, onlar, hepimiz \u2018\u2019ora\u2019\u2019 day\u0131z.<br \/>\nMutlulu\u011funu \/ \u00f6fkesini ba\u015fkalar\u0131na onaylatmaya kalkan herkes, \u2018\u2019bura\u2019\u2019 y\u0131 terk edip, bir ba\u015fkas\u0131 olarak \u2018\u2019ora\u2019\u2019ya, sanal aleme iltica ediyor.<br \/>\n\u0130nsano\u011flu, 19.y\u00fczy\u0131l\u0131n teknolojisine uzuvlar\u0131n\u0131 kapt\u0131rd\u0131.21.y\u00fczy\u0131l\u0131n teknolojisine ise duygular\u0131n\u0131 ve benli\u011fini kapt\u0131r\u0131yor.<br \/>\nD\u00fcnya ba\u015fkala\u015f\u0131yor, de\u011fi\u015fiyor.G\u00fcndelik hayat\u0131n dijital k\u00fclt\u00fcre yaslanan de\u011fi\u015fimini, \u00f6yk\u00fcler \u00fczerinden idrak etmek isteyenler i\u00e7in:<br \/>\nHer g\u00fcn\u00fc bir \u00f6l\u00e7ek Mutluluk Onay Belgesi.<br \/>\nFatma Barbaroso\u011flu\u2019nun kaleminden \u2018\u2019Sanal Cumhuriyet\u2019in yaln\u0131z vatanda\u015flar\u0131n\u0131 okumak, kalbinize, akl\u0131n\u0131za, fikrinize iyi gelecek. <\/p>","protected":false},"featured_media":6279,"template":"","meta":{"spay_email":""},"product_cat":[168],"product_tag":[],"item":[354],"acf":[],"_links":{"self":[{"href":"https:\/\/mgvpublications.com\/de\/wp-json\/wp\/v2\/product\/6278"}],"collection":[{"href":"https:\/\/mgvpublications.com\/de\/wp-json\/wp\/v2\/product"}],"about":[{"href":"https:\/\/mgvpublications.com\/de\/wp-json\/wp\/v2\/types\/product"}],"wp:featuredmedia":[{"embeddable":true,"href":"https:\/\/mgvpublications.com\/de\/wp-json\/wp\/v2\/media\/6279"}],"wp:attachment":[{"href":"https:\/\/mgvpublications.com\/de\/wp-json\/wp\/v2\/media?parent=6278"}],"wp:term":[{"taxonomy":"product_cat","embeddable":true,"href":"https:\/\/mgvpublications.com\/de\/wp-json\/wp\/v2\/product_cat?post=6278"},{"taxonomy":"product_tag","embeddable":true,"href":"https:\/\/mgvpublications.com\/de\/wp-json\/wp\/v2\/product_tag?post=6278"},{"taxonomy":"item","embeddable":true,"href":"https:\/\/mgvpublications.com\/de\/wp-json\/wp\/v2\/item?post=6278"}],"curies":[{"name":"wp","href":"https:\/\/api.w.org\/{rel}","templated":true}]}}