{"id":6270,"date":"2020-12-02T15:37:28","date_gmt":"2020-12-02T14:37:28","guid":{"rendered":"https:\/\/dev2.mgvpublications.com\/produkt\/muemin-ev\/"},"modified":"2022-04-08T06:19:10","modified_gmt":"2022-04-08T04:19:10","slug":"muemin-ev","status":"publish","type":"product","link":"https:\/\/mgvpublications.com\/de\/muemin-ev\/","title":{"rendered":"M\u00fc&#8217;min Ev"},"content":{"rendered":"<p>Yay\u0131n Tarihi: 18.08.2021<br \/>ISBN: 9786055271046<br \/>Dil: T\u00dcRK\u00c7E<br \/>Sayfa Say\u0131s\u0131: 280<br \/>Cilt Tipi: Karton Kapak<br \/>Ka\u011f\u0131t Cinsi: Kitap Ka\u011f\u0131d\u0131<br \/>Boyut: 13.5 x 21 cm<\/p>","protected":false},"excerpt":{"rendered":"<p>Evlerimizde yapamad\u0131klar\u0131m\u0131z\u0131 nerede yapabilece\u011fiz ki? Evlerine h\u00fckmedemeyenlerin insanl\u0131\u011fa ve co\u011frafyaya h\u00fckmetmeleri nas\u0131l beklenebilir? Nereden ba\u015flayaca\u011f\u0131m\u0131za, as\u0131l mihenk noktas\u0131na dikkat \u00e7ekmeyi ama\u00e7l\u0131yoruz. D\u00f6rt duvar aras\u0131 zannetti\u011fimiz evlerimizin d\u00fcnya oldu\u011funu; beceremeyeceklerimizle me\u015fgul olurken, becermeye daha yak\u0131n durduklar\u0131m\u0131z\u0131 ihmal etti\u011fimizi hat\u0131rlatmak istiyoruz.<\/p>","protected":false},"featured_media":23152,"template":"","meta":{"spay_email":""},"product_cat":[174],"product_tag":[],"item":[363],"acf":[],"_links":{"self":[{"href":"https:\/\/mgvpublications.com\/de\/wp-json\/wp\/v2\/product\/6270"}],"collection":[{"href":"https:\/\/mgvpublications.com\/de\/wp-json\/wp\/v2\/product"}],"about":[{"href":"https:\/\/mgvpublications.com\/de\/wp-json\/wp\/v2\/types\/product"}],"wp:featuredmedia":[{"embeddable":true,"href":"https:\/\/mgvpublications.com\/de\/wp-json\/wp\/v2\/media\/23152"}],"wp:attachment":[{"href":"https:\/\/mgvpublications.com\/de\/wp-json\/wp\/v2\/media?parent=6270"}],"wp:term":[{"taxonomy":"product_cat","embeddable":true,"href":"https:\/\/mgvpublications.com\/de\/wp-json\/wp\/v2\/product_cat?post=6270"},{"taxonomy":"product_tag","embeddable":true,"href":"https:\/\/mgvpublications.com\/de\/wp-json\/wp\/v2\/product_tag?post=6270"},{"taxonomy":"item","embeddable":true,"href":"https:\/\/mgvpublications.com\/de\/wp-json\/wp\/v2\/item?post=6270"}],"curies":[{"name":"wp","href":"https:\/\/api.w.org\/{rel}","templated":true}]}}