{"id":6266,"date":"2020-12-02T15:37:27","date_gmt":"2020-12-02T14:37:27","guid":{"rendered":"https:\/\/dev2.mgvpublications.com\/produkt\/muecahide-kadin\/"},"modified":"2022-04-08T06:19:04","modified_gmt":"2022-04-08T04:19:04","slug":"muecahide-kadin","status":"publish","type":"product","link":"https:\/\/mgvpublications.com\/de\/muecahide-kadin\/","title":{"rendered":"M\u00fccahide Kadin"},"content":{"rendered":"<p>Yay\u0131n Tarihi: 02.03.2021<br \/>ISBN: 9786055271251<br \/>Dil: T\u00dcRK\u00c7E<br \/>Sayfa Say\u0131s\u0131: 216<br \/>Cilt Tipi: Karton Kapak<br \/>Ka\u011f\u0131t Cinsi: Kitap Ka\u011f\u0131d\u0131<br \/>Boyut: 13.5 x 21 cm<\/p>","protected":false},"excerpt":{"rendered":"<p>Dinimizin en ulvi emirlerinden biri olan cihat , kad\u0131n ve erke\u011fi kapsayan bir emirdir. Erkek kadar kad\u0131n da dinini ya\u015fayacakt\u0131r. O da erkek kadar cihat etmelidir. Kad\u0131n cihat ederken f\u0131trat\u0131na ayk\u0131r\u0131 olanla da m\u00fckellef olmayacakt\u0131r \u015f\u00fcphesiz. Hem cihat edip m\u00fccahit olmak hem de kad\u0131nl\u0131\u011f\u0131ndan taviz vermemek \u00fczerine kurulu bir dengeyi anlatmaktad\u0131r bu kitap.<\/p>","protected":false},"featured_media":23150,"template":"","meta":{"spay_email":""},"product_cat":[174],"product_tag":[],"item":[363],"acf":[],"_links":{"self":[{"href":"https:\/\/mgvpublications.com\/de\/wp-json\/wp\/v2\/product\/6266"}],"collection":[{"href":"https:\/\/mgvpublications.com\/de\/wp-json\/wp\/v2\/product"}],"about":[{"href":"https:\/\/mgvpublications.com\/de\/wp-json\/wp\/v2\/types\/product"}],"wp:featuredmedia":[{"embeddable":true,"href":"https:\/\/mgvpublications.com\/de\/wp-json\/wp\/v2\/media\/23150"}],"wp:attachment":[{"href":"https:\/\/mgvpublications.com\/de\/wp-json\/wp\/v2\/media?parent=6266"}],"wp:term":[{"taxonomy":"product_cat","embeddable":true,"href":"https:\/\/mgvpublications.com\/de\/wp-json\/wp\/v2\/product_cat?post=6266"},{"taxonomy":"product_tag","embeddable":true,"href":"https:\/\/mgvpublications.com\/de\/wp-json\/wp\/v2\/product_tag?post=6266"},{"taxonomy":"item","embeddable":true,"href":"https:\/\/mgvpublications.com\/de\/wp-json\/wp\/v2\/item?post=6266"}],"curies":[{"name":"wp","href":"https:\/\/api.w.org\/{rel}","templated":true}]}}