{"id":6264,"date":"2019-04-02T22:43:38","date_gmt":"2019-04-02T20:43:38","guid":{"rendered":"https:\/\/dev2.mgvpublications.com\/produkt\/minik-kus\/"},"modified":"2022-06-08T10:48:11","modified_gmt":"2022-06-08T08:48:11","slug":"minik-kus","status":"publish","type":"product","link":"https:\/\/mgvpublications.com\/de\/minik-kus\/","title":{"rendered":"Minik Ku\u015f"},"content":{"rendered":"<p>Yay\u0131n Tarihi 2018-10-04<br \/>\nISBN 6054952045<br \/>\nBask\u0131 Say\u0131s\u0131 2. Bask\u0131<br \/>\nDil T\u00dcRK\u00c7E<br \/>\nSayfa Say\u0131s\u0131 16<br \/>\nCilt Tipi Karton Kapak<br \/>\nKa\u011f\u0131t Cinsi Ku\u015fe Ka\u011f\u0131t<br \/>\nBoyut 19 x 26 cm<\/p>","protected":false},"excerpt":{"rendered":"<p>Mevlana&#8217;n\u0131n sadece d\u00f6nemine de\u011fil, gelece\u011fe de \u0131\u015f\u0131k tutan \u00f6l\u00fcms\u00fcz eseri Mesnevi&#8217;den; minik yavrular\u0131m\u0131z\u0131n ho\u015funa gidecek, k\u00fc\u00e7\u00fck \u015feylerden b\u00fcy\u00fck dersler \u00e7\u0131karmalar\u0131na yard\u0131mc\u0131 olacak bir hikaye&#8230; Minik Ku\u015f<\/p>","protected":false},"featured_media":6265,"template":"","meta":{"spay_email":""},"product_cat":[172],"product_tag":[],"item":[335],"acf":[],"_links":{"self":[{"href":"https:\/\/mgvpublications.com\/de\/wp-json\/wp\/v2\/product\/6264"}],"collection":[{"href":"https:\/\/mgvpublications.com\/de\/wp-json\/wp\/v2\/product"}],"about":[{"href":"https:\/\/mgvpublications.com\/de\/wp-json\/wp\/v2\/types\/product"}],"wp:featuredmedia":[{"embeddable":true,"href":"https:\/\/mgvpublications.com\/de\/wp-json\/wp\/v2\/media\/6265"}],"wp:attachment":[{"href":"https:\/\/mgvpublications.com\/de\/wp-json\/wp\/v2\/media?parent=6264"}],"wp:term":[{"taxonomy":"product_cat","embeddable":true,"href":"https:\/\/mgvpublications.com\/de\/wp-json\/wp\/v2\/product_cat?post=6264"},{"taxonomy":"product_tag","embeddable":true,"href":"https:\/\/mgvpublications.com\/de\/wp-json\/wp\/v2\/product_tag?post=6264"},{"taxonomy":"item","embeddable":true,"href":"https:\/\/mgvpublications.com\/de\/wp-json\/wp\/v2\/item?post=6264"}],"curies":[{"name":"wp","href":"https:\/\/api.w.org\/{rel}","templated":true}]}}